{"id":106,"date":"2020-09-16T11:15:11","date_gmt":"2020-09-16T09:15:11","guid":{"rendered":"https:\/\/www.riceandcarry.eu\/?page_id=106"},"modified":"2026-02-07T23:26:37","modified_gmt":"2026-02-07T22:26:37","slug":"start","status":"publish","type":"page","link":"https:\/\/www.riceandcarry.eu\/de\/","title":{"rendered":"Start"},"content":{"rendered":"\n<h1 class=\"wp-block-heading has-text-align-center\">Rice &amp; Carry &#8211; Praktische Upcycling Taschen und vieles mehr aus farbenfrohen Reis- und Jutes\u00e4cken<\/h1>\n\n\n\n<p>Es war zuerst eine Idee, die Umwelt von Plastikm\u00fcll zu befreien, mehr auf unsere Ressourcen zu achten und den Menschen auf Sri Lanka eine Idee von Kreislaufwirtschaft zu vermitteln. Diese Idee ist nun ein etabliertes soziales Projekt an der Ostk\u00fcste Sri Lankas. Es lag uns zudem am Herzen, Frauen durch einen sicheren Arbeitsplatz, ein selbstbestimmteres Leben zu erm\u00f6glichen. So schaffen wir unseren Mitarbeitenden neue Perspektiven und erm\u00f6glichen neben der Familie ein neues soziales Umfeld. F\u00fcr uns bei Rice &amp; Carry steht Chancengleichheit und Umweltschutz an erster Stelle.<\/p>\n\n\n\n<div style=\"height:50px\" aria-hidden=\"true\" class=\"wp-block-spacer\"><\/div>\n\n\n              \n                <div class=\"slider-2 row\">\n\n                \n                  <a href=\"https:\/\/www.riceandcarry.eu\/de\/produkte\/upcycled-rice-sacks\/\" class=\"item col-xs-12 col-sm-4\">\n                    <div class=\"image\">\n                      <img decoding=\"async\" src=\"https:\/\/www.riceandcarry.eu\/wp-content\/uploads\/2020\/09\/schmuck_3.jpg\" alt=\"Brotk\u00f6rbe Schmuckbild\" \/>\n                    <\/div>\n                    <div class=\"text\">\n                      <h2>Praktisches aus Reiss\u00e4cken<\/h2>\n                      <p>Herzlich Willkommen bei unseren Upcycling-Produkten aus den farbenfrohen Kunststoff-Reiss\u00e4cken.<\/p>\n                    <\/div>\n                    <div class=\"link\">\n                      <p class=\"btn btn-primary\">Entdecken<\/p>\n                    <\/div>\n                  <\/a>\n\n                \n                  <a href=\"https:\/\/www.riceandcarry.eu\/de\/rice-and-carry\/arugam-bay\/\" class=\"item col-xs-12 col-sm-4\">\n                    <div class=\"image\">\n                      <img decoding=\"async\" src=\"https:\/\/www.riceandcarry.eu\/wp-content\/uploads\/2020\/09\/AB-beach.jpg\" alt=\"Arugam Bay Beach\" \/>\n                    <\/div>\n                    <div class=\"text\">\n                      <h2>Hier sind wir zuhause<\/h2>\n                      <p>Und hier wollen wir die Natur sch\u00fctzen und gemeinsam mit den Menschen vor Ort mehr Perspektiven schaffen.<\/p>\n                    <\/div>\n                    <div class=\"link\">\n                      <p class=\"btn btn-primary\">Entdecken<\/p>\n                    <\/div>\n                  <\/a>\n\n                \n                  <a href=\"https:\/\/www.riceandcarry.eu\/de\/produkte\/upcycled-spice-sacks\/\" class=\"item col-xs-12 col-sm-4\">\n                    <div class=\"image\">\n                      <img decoding=\"async\" src=\"https:\/\/www.riceandcarry.eu\/wp-content\/uploads\/2020\/09\/small_punch.jpg\" alt=\"small Punch Schmuckbild\" \/>\n                    <\/div>\n                    <div class=\"text\">\n                      <h2>Kollektion aus Jutes\u00e4cken<\/h2>\n                      <p>Hochwertig gearbeitete Upcycling-Produkte aus Jutes\u00e4cken in Kombination mit handgewebter Baumwolle.<\/p>\n                    <\/div>\n                    <div class=\"link\">\n                      <p class=\"btn btn-primary\">Entdecken<\/p>\n                    <\/div>\n                  <\/a>\n\n                \n                  <a href=\"https:\/\/www.riceandcarry.eu\/de\/so-funktioniert-recycling-in-arugam-bay\/\" class=\"item col-xs-12 col-sm-4\">\n                    <div class=\"image\">\n                      <img decoding=\"async\" src=\"https:\/\/www.riceandcarry.eu\/wp-content\/uploads\/2020\/09\/Schnallen_pressen.jpg\" alt=\"Schnallenpresse\" \/>\n                    <\/div>\n                    <div class=\"text\">\n                      <h2>Waste Collection &#038; Recycling, handgemacht<\/h2>\n                      <p>So leisten wir unseren Beitrag Plastikm\u00fcll zu vermeiden und zu recyclen.<\/p>\n                    <\/div>\n                    <div class=\"link\">\n                      <p class=\"btn btn-primary\">Entdecken<\/p>\n                    <\/div>\n                  <\/a>\n\n                \n                <\/div>\n\n              \n\n\n<p><\/p>\n\n\n\n<div style=\"height:75px\" aria-hidden=\"true\" class=\"wp-block-spacer\"><\/div>\n\n\n\n<figure class=\"wp-block-video\"><video controls src=\"https:\/\/www.riceandcarry.eu\/wp-content\/uploads\/2021\/05\/R_C_dances_for_WFTO_day-FINAL.mp4\"><\/video><\/figure>\n\n\n\n<div style=\"height:100px\" aria-hidden=\"true\" class=\"wp-block-spacer\"><\/div>\n\n\n\n<p><\/p>\n\n\n\n<h1 class=\"wp-block-heading has-text-align-left\">Rice &amp; Carry &#8230; wir sammeln und recyceln mehr als 60.000 Reis- und Jutes\u00e4cke und 120.000 Plastikflaschen pro Jahr<\/h1>\n\n\n\n<div style=\"height:50px\" aria-hidden=\"true\" class=\"wp-block-spacer\"><\/div>\n\n\n\n<div class=\"wp-block-columns is-layout-flex wp-container-core-columns-is-layout-9d6595d7 wp-block-columns-is-layout-flex\">\n<div class=\"wp-block-column is-layout-flow wp-block-column-is-layout-flow\" style=\"flex-basis:33.33%\">\n<figure class=\"wp-block-image size-large\"><img loading=\"lazy\" decoding=\"async\" width=\"384\" height=\"270\" src=\"https:\/\/www.riceandcarry.eu\/wp-content\/uploads\/2020\/09\/Flaschen-sammeln-schafft-arbeit.jpg\" alt=\"\" class=\"wp-image-757\"\/><figcaption class=\"wp-element-caption\">Recycling schafft hier Arbeit<\/figcaption><\/figure>\n<\/div>\n\n\n\n<div class=\"wp-block-column is-layout-flow wp-block-column-is-layout-flow\" style=\"flex-basis:66.66%\">\n<p>Es ist nicht unbekannt, dass es in Asien ein Problem mit dem Recyceln des M\u00fclls gibt, so ist es demnach auch auf Sri Lanka.<br>Vor Ort gibt es nicht gen\u00fcgend Recycling Anlagen und die meisten Menschen sind nicht ausreichend sensibilisiert, wenn es um das Thema Abfallentsorgung geht.<\/p>\n\n\n\n<p class=\"has-text-align-left\"><br>Meist wird der M\u00fcll verbrannt, oder einfach in die Natur geworfen und sorgt so f\u00fcr eine dauerhafte Verunreinigung der Natur und des Ozeans.<br>Wir bei Rice &amp; Carry m\u00f6chten dem M\u00fcllproblem ein Ende setzen und recyceln Reis- und Jutes\u00e4cke sowie Deckel von Plastikflaschen und aussortierte Saris.&nbsp;<br>Es war zuerst ein Nebenprojekt, aus dem nun ein kleines Recycling Dorf entstanden ist und viele tolle Menschen besch\u00e4ftigt.<\/p>\n\n\n\n<p class=\"has-text-align-left\"><br>Aus diesem vermeintlichem \u201eM\u00fcll\u201c werden nun wunderbare neue Produkte hergestellt \u2013 hier reicht das Sortiment von der Laptoptasche bis hin zur G\u00fcrtelschnalle.<br><br>Hier findest du unsere <a href=\"https:\/\/www.riceandcarry.eu\/de\/produkte\/\">Upcycling Produkte<\/a><\/p>\n<\/div>\n<\/div>\n\n\n\n<div style=\"height:75px\" aria-hidden=\"true\" class=\"wp-block-spacer\"><\/div>\n\n\n                \n                  <div class=\"cards-1\">\n                    <div class=\"row\">\n\n                    \n                      <div class=\"col-12 col-sm-6 col-md-4\">\n                        <a href=\"https:\/\/www.riceandcarry.eu\/de\/testbeitrag-1\/\" class=\"item\">\n                          <div class=\"image\">\n                            <img decoding=\"async\" src=\"https:\/\/www.riceandcarry.eu\/wp-content\/uploads\/2020\/09\/Pikto_Naehen.jpg\" alt=\"Piktos Jute n\u00e4hen\" \/>\n                          <\/div>\n                          <div class=\"text\">\n                            <h2>Wir machen Frauen stark<\/h2>\n                            <p>Viele Frauen in unserer Region haben keine Chance durch eine qualifizierte T\u00e4tigkeit mit f\u00fcr den Lebensunterhalt der Familie zu sorgen. Wir \u00e4ndern das.<\/p>\n                          <\/div>\n                          <div class=\"link\">\n                            <p>Mehr erfahren<\/p>\n                          <\/div>\n                        <\/a>\n                      <\/div>\n\n                    \n                      <div class=\"col-12 col-sm-6 col-md-4\">\n                        <a href=\"https:\/\/www.riceandcarry.eu\/de\/rice-and-carry\/ueber-uns\/\" class=\"item\">\n                          <div class=\"image\">\n                            <img decoding=\"async\" src=\"https:\/\/www.riceandcarry.eu\/wp-content\/uploads\/2020\/09\/Team.jpg\" alt=\"Team Illustration Schmuckbild\" \/>\n                          <\/div>\n                          <div class=\"text\">\n                            <h2>Und das sind wir: Rice &#038; Carry<\/h2>\n                            <p>Gerne w\u00fcrden wir uns bei Dir vorstellen.<\/p>\n                          <\/div>\n                          <div class=\"link\">\n                            <p>Mehr erfahren<\/p>\n                          <\/div>\n                        <\/a>\n                      <\/div>\n\n                    \n                      <div class=\"col-12 col-sm-6 col-md-4\">\n                        <a href=\"https:\/\/www.riceandcarry.eu\/de\/vom-reis-oder-jutesack-zur-tasche\/\" class=\"item\">\n                          <div class=\"image\">\n                            <img decoding=\"async\" src=\"https:\/\/www.riceandcarry.eu\/wp-content\/uploads\/2020\/09\/Pikto_Waschen.jpg\" alt=\"Pikto S\u00e4cke waschen\" \/>\n                          <\/div>\n                          <div class=\"text\">\n                            <h2>Vom Reis- oder Jutesack zur Tasche<\/h2>\n                            <p>Gewinne einen Einblick in unsere t\u00e4gliche Arbeit.<\/p>\n                          <\/div>\n                          <div class=\"link\">\n                            <p>Mehr erfahren<\/p>\n                          <\/div>\n                        <\/a>\n                      <\/div>\n\n                    \n                    <\/div>\n                  <\/div>\n\n                \n\n\n<div style=\"height:75px\" aria-hidden=\"true\" class=\"wp-block-spacer\"><\/div>\n\n\n\n<h1 class=\"wp-block-heading has-text-align-center\">Rice &amp; Carry &#8230;. wir bieten \u00fcber 40 Frauen einen stabilen und sicheren Arbeitsplatz mit fairer Bezahlung<\/h1>\n\n\n\n<div style=\"height:50px\" aria-hidden=\"true\" class=\"wp-block-spacer\"><\/div>\n\n\n\n<div class=\"wp-block-columns is-layout-flex wp-container-core-columns-is-layout-9d6595d7 wp-block-columns-is-layout-flex\">\n<div class=\"wp-block-column is-layout-flow wp-block-column-is-layout-flow\" style=\"flex-basis:33.33%\">\n<figure class=\"wp-block-image size-large\"><img loading=\"lazy\" decoding=\"async\" width=\"384\" height=\"384\" src=\"https:\/\/www.riceandcarry.eu\/wp-content\/uploads\/2020\/09\/naeherin.jpg\" alt=\"N\u00e4herin Rice &amp; Carry\" class=\"wp-image-508\" srcset=\"https:\/\/www.riceandcarry.eu\/wp-content\/uploads\/2020\/09\/naeherin.jpg 384w, https:\/\/www.riceandcarry.eu\/wp-content\/uploads\/2020\/09\/naeherin-150x150.jpg 150w\" sizes=\"auto, (max-width: 384px) 100vw, 384px\" \/><\/figure>\n<\/div>\n\n\n\n<div class=\"wp-block-column is-layout-flow wp-block-column-is-layout-flow\" style=\"flex-basis:66.66%\">\n<p>Mit unserem Upcycling Projekt, wollen wir nicht nur etwas gegen die Umweltverschmutzung tun, sondern auch Arbeitspl\u00e4tze schaffen und das vorrangig f\u00fcr Frauen aus l\u00e4ndlicheren Gebieten.<br>Unsere Manufaktur befindet sich n\u00e4mlich in einem sehr l\u00e4ndlichen Teil im Osten Sri Lankas, dort \u201efunktionieren\u201c Frauen oft als Hausfrauen &#8211; sie k\u00fcmmern sich die meiste Zeit des Tages um den Haushalt und passen auf die Kinder auf.<br>Mit Rice &amp; Carry schaffen wir es, den Frauen eine Perspektive zu geben und ihnen einen sicheren Arbeitsplatz und ein faires Einkommen zu erm\u00f6glichen.<br>Wir setzen uns aktiv gegen Lohndumping ein und zahlen unseren Mitarbeitenden ein Gehalt \u00fcber dem nationalen Mindestlohn.<br>Ein weiterer Pluspunkt bei Rice &amp; Carry ist der, dass unsere Mitarbeiter*innen neue soziale Kontakte kn\u00fcpfen, was in den d\u00f6rflichen Gebieten neben der Familie oft nicht leicht ist. Schau hier wer hinter Rice &amp; Carry steckt (Link \u00dcber uns)<br><\/p>\n<\/div>\n<\/div>\n\n\n\n<p><\/p>\n","protected":false},"excerpt":{"rendered":"<p>Rice &amp; Carry &#8211; Praktische Upcycling Taschen und vieles mehr aus farbenfrohen Reis- und Jutes\u00e4cken Es war zuerst eine Idee, die Umwelt von Plastikm\u00fcll zu befreien, mehr auf unsere Ressourcen zu achten und den Menschen auf Sri Lanka eine Idee von Kreislaufwirtschaft zu vermitteln. Diese Idee ist nun [&hellip;]<\/p>\n","protected":false},"author":1,"featured_media":0,"parent":0,"menu_order":1,"comment_status":"closed","ping_status":"closed","template":"","meta":{"_acf_changed":false,"footnotes":""},"class_list":["post-106","page","type-page","status-publish","hentry"],"acf":[],"_links":{"self":[{"href":"https:\/\/www.riceandcarry.eu\/de\/wp-json\/wp\/v2\/pages\/106","targetHints":{"allow":["GET"]}}],"collection":[{"href":"https:\/\/www.riceandcarry.eu\/de\/wp-json\/wp\/v2\/pages"}],"about":[{"href":"https:\/\/www.riceandcarry.eu\/de\/wp-json\/wp\/v2\/types\/page"}],"author":[{"embeddable":true,"href":"https:\/\/www.riceandcarry.eu\/de\/wp-json\/wp\/v2\/users\/1"}],"replies":[{"embeddable":true,"href":"https:\/\/www.riceandcarry.eu\/de\/wp-json\/wp\/v2\/comments?post=106"}],"version-history":[{"count":24,"href":"https:\/\/www.riceandcarry.eu\/de\/wp-json\/wp\/v2\/pages\/106\/revisions"}],"predecessor-version":[{"id":3420,"href":"https:\/\/www.riceandcarry.eu\/de\/wp-json\/wp\/v2\/pages\/106\/revisions\/3420"}],"wp:attachment":[{"href":"https:\/\/www.riceandcarry.eu\/de\/wp-json\/wp\/v2\/media?parent=106"}],"curies":[{"name":"wp","href":"https:\/\/api.w.org\/{rel}","templated":true}]}}