{"id":588,"date":"2020-09-18T11:25:52","date_gmt":"2020-09-18T09:25:52","guid":{"rendered":"https:\/\/www.riceandcarry.eu\/?page_id=588"},"modified":"2020-10-12T11:10:48","modified_gmt":"2020-10-12T09:10:48","slug":"arugam-bay","status":"publish","type":"page","link":"https:\/\/www.riceandcarry.eu\/de\/rice-and-carry\/arugam-bay\/","title":{"rendered":"Arugam Bay"},"content":{"rendered":"\n<div class=\"wp-block-columns is-layout-flex wp-container-core-columns-is-layout-9d6595d7 wp-block-columns-is-layout-flex\">\n<div class=\"wp-block-column is-layout-flow wp-block-column-is-layout-flow\" style=\"flex-basis:33.33%\">\n<figure class=\"wp-block-image size-large\"><img loading=\"lazy\" decoding=\"async\" width=\"384\" height=\"580\" src=\"https:\/\/www.riceandcarry.eu\/wp-content\/uploads\/2020\/09\/sri_lanka.jpg\" alt=\"Sri Lanka\" class=\"wp-image-709\"\/><\/figure>\n<\/div>\n\n\n\n<div class=\"wp-block-column is-layout-flow wp-block-column-is-layout-flow\" style=\"flex-basis:66.66%\">\n<h1 class=\"wp-block-heading\">An der Ostk\u00fcste von Sri Lanka sind wir zuhause.<\/h1>\n\n\n\n<p><\/p>\n\n\n\n<p>Hier werden die Produkte hergestellt. Und hier werden die Recyclingmaterialien gesammelt.<\/p>\n\n\n\n<p>Wir selbst sitzen in Komari, einer schmalen Landbr\u00fccke, die im Osten vom Indischen Ozean und im Westen von der Komari Lagune begrenzt wird. Rund 20 km s\u00fcdlich von hier ist Arugam Bay. Im Gegensatz zu Kumari sind dort auch einige Urlaubsg\u00e4ste zu finden. Da kommen nicht nur Surfer voll auf ihre Kosten \u2013 Arugam Bay liegt in unmittelbarer N\u00e4he zu den bedeutendsten und gr\u00f6\u00dften Nationalparks Sri Lankas. Der Yala Nationalpark, der Lahugala Nationalpark sowie der Kumana Nationalpark sind alle innerhalb einer Stunde zu erreichen. Au\u00dferdem finden sich dort unz\u00e4hlige bis zu 2000 Jahre alte Tempel und H\u00f6hlen, die von der kulturellen und historischen Bedeutung dieses Gebiets zeugen. Es ist also wenig verwunderlich,  dass hier das Aufkommen von Plastik und damit unser selbstgew\u00e4hlter Auftrag, Plastik einzusammeln, besonders gro\u00df ist.<\/p>\n\n\n\n<p>Was wir nicht verarbeiten, landet n\u00e4mlich im Meer, wird in freier Natur verbrannt oder geht im g\u00fcnstigsten Fall auf eine M\u00fclldeponie. Damit es gar nicht erst so weit kommt, haben wir in Arugam Bay und weiteren Orten an der K\u00fcste Container aufgestellt, in der die Menschen ihre Plastikflaschen entsorgen k\u00f6nnen. Zudem sammeln Restaurants und Hotels Flaschen f\u00fcr uns, die wir abholen und dem Recycling zuf\u00fchren. <\/p>\n\n\n\n<p> <a href=\"https:\/\/www.wastelessabay.com\/\" data-type=\"URL\" data-id=\"https:\/\/www.wastelessabay.com\/\">Hier erf\u00e4hrst mehr \u00fcber das Flaschensammeln.<\/a><\/p>\n\n\n\n<p><\/p>\n<\/div>\n<\/div>\n\n\n\n<figure class=\"wp-block-gallery columns-3 is-cropped wp-block-gallery-1 is-layout-flex wp-block-gallery-is-layout-flex\"><ul class=\"blocks-gallery-grid\"><li class=\"blocks-gallery-item\"><figure><img loading=\"lazy\" decoding=\"async\" width=\"384\" height=\"270\" src=\"https:\/\/www.riceandcarry.eu\/wp-content\/uploads\/2020\/09\/Flaschen-sammeln-schafft-arbeit.jpg\" alt=\"\" data-id=\"757\" data-full-url=\"https:\/\/www.riceandcarry.eu\/wp-content\/uploads\/2020\/09\/Flaschen-sammeln-schafft-arbeit.jpg\" data-link=\"https:\/\/www.riceandcarry.eu\/de\/flaschen-sammeln-schafft-arbeit\/\" class=\"wp-image-757\"\/><figcaption class=\"blocks-gallery-item__caption\">Recycling schafft Besch\u00e4ftigung<\/figcaption><\/figure><\/li><li class=\"blocks-gallery-item\"><figure><img loading=\"lazy\" decoding=\"async\" width=\"384\" height=\"270\" src=\"https:\/\/www.riceandcarry.eu\/wp-content\/uploads\/2020\/09\/WLAB-Station.jpg\" alt=\"\" data-id=\"755\" data-full-url=\"https:\/\/www.riceandcarry.eu\/wp-content\/uploads\/2020\/09\/WLAB-Station.jpg\" data-link=\"https:\/\/www.riceandcarry.eu\/de\/wlab-station\/\" class=\"wp-image-755\"\/><figcaption class=\"blocks-gallery-item__caption\">WLAB-Station: Plastiksammelstation und Trinkwasseraufbereitung<\/figcaption><\/figure><\/li><li class=\"blocks-gallery-item\"><figure><img loading=\"lazy\" decoding=\"async\" width=\"384\" height=\"270\" src=\"https:\/\/www.riceandcarry.eu\/wp-content\/uploads\/2020\/09\/Zurueck-von-der-schule.jpg\" alt=\"\" data-id=\"752\" data-full-url=\"https:\/\/www.riceandcarry.eu\/wp-content\/uploads\/2020\/09\/Zurueck-von-der-schule.jpg\" data-link=\"https:\/\/www.riceandcarry.eu\/de\/zurueck-von-der-schule\/\" class=\"wp-image-752\"\/><figcaption class=\"blocks-gallery-item__caption\">Hier kann der Strand auch zur Schule f\u00fchren.<\/figcaption><\/figure><\/li><li class=\"blocks-gallery-item\"><figure><img loading=\"lazy\" decoding=\"async\" width=\"384\" height=\"270\" src=\"https:\/\/www.riceandcarry.eu\/wp-content\/uploads\/2020\/09\/surfing-kid.jpg\" alt=\"\" data-id=\"748\" data-full-url=\"https:\/\/www.riceandcarry.eu\/wp-content\/uploads\/2020\/09\/surfing-kid.jpg\" data-link=\"https:\/\/www.riceandcarry.eu\/de\/surfing-kid\/\" class=\"wp-image-748\"\/><figcaption class=\"blocks-gallery-item__caption\">Surfen und Wellenreiten: nicht nur bei den Touristen beliebt<\/figcaption><\/figure><\/li><li class=\"blocks-gallery-item\"><figure><img loading=\"lazy\" decoding=\"async\" width=\"384\" height=\"270\" src=\"https:\/\/www.riceandcarry.eu\/wp-content\/uploads\/2020\/09\/fischerboote.jpg\" alt=\"\" data-id=\"730\" data-full-url=\"https:\/\/www.riceandcarry.eu\/wp-content\/uploads\/2020\/09\/fischerboote.jpg\" data-link=\"https:\/\/www.riceandcarry.eu\/de\/fischerboote\/\" class=\"wp-image-730\"\/><figcaption class=\"blocks-gallery-item__caption\">Sch\u00f6n bunt sind hier die Fischerboote<\/figcaption><\/figure><\/li><li class=\"blocks-gallery-item\"><figure><img loading=\"lazy\" decoding=\"async\" width=\"384\" height=\"270\" src=\"https:\/\/www.riceandcarry.eu\/wp-content\/uploads\/2020\/09\/oceanplastic-1.jpg\" alt=\"\" data-id=\"740\" data-full-url=\"https:\/\/www.riceandcarry.eu\/wp-content\/uploads\/2020\/09\/oceanplastic-1.jpg\" data-link=\"https:\/\/www.riceandcarry.eu\/de\/oceanplastic-1\/\" class=\"wp-image-740\"\/><figcaption class=\"blocks-gallery-item__caption\">Und immer wieder: Ocean Plastic<\/figcaption><\/figure><\/li><li class=\"blocks-gallery-item\"><figure><img loading=\"lazy\" decoding=\"async\" width=\"384\" height=\"270\" src=\"https:\/\/www.riceandcarry.eu\/wp-content\/uploads\/2020\/09\/hund_mit_dose.jpg\" alt=\"\" data-id=\"736\" data-full-url=\"https:\/\/www.riceandcarry.eu\/wp-content\/uploads\/2020\/09\/hund_mit_dose.jpg\" data-link=\"https:\/\/www.riceandcarry.eu\/de\/hund_mit_dose\/\" class=\"wp-image-736\"\/><figcaption class=\"blocks-gallery-item__caption\">&#8230; und Getr\u00e4nkedosen<\/figcaption><\/figure><\/li><li class=\"blocks-gallery-item\"><figure><img loading=\"lazy\" decoding=\"async\" width=\"384\" height=\"270\" src=\"https:\/\/www.riceandcarry.eu\/wp-content\/uploads\/2020\/09\/AG-Main-Street.jpg\" alt=\"\" data-id=\"726\" data-full-url=\"https:\/\/www.riceandcarry.eu\/wp-content\/uploads\/2020\/09\/AG-Main-Street.jpg\" data-link=\"https:\/\/www.riceandcarry.eu\/de\/ag-main-street\/\" class=\"wp-image-726\"\/><figcaption class=\"blocks-gallery-item__caption\">Hauptstra\u00dfe von Arugam Bay<\/figcaption><\/figure><\/li><li class=\"blocks-gallery-item\"><figure><img loading=\"lazy\" decoding=\"async\" width=\"384\" height=\"270\" src=\"https:\/\/www.riceandcarry.eu\/wp-content\/uploads\/2020\/09\/three-wheeler.jpg\" alt=\"\" data-id=\"750\" data-full-url=\"https:\/\/www.riceandcarry.eu\/wp-content\/uploads\/2020\/09\/three-wheeler.jpg\" data-link=\"https:\/\/www.riceandcarry.eu\/de\/three-wheeler\/\" class=\"wp-image-750\"\/><figcaption class=\"blocks-gallery-item__caption\">Das Fortbewungesmittel erster Wahl: Threewheeler<\/figcaption><\/figure><\/li><li class=\"blocks-gallery-item\"><figure><img loading=\"lazy\" decoding=\"async\" width=\"384\" height=\"270\" src=\"https:\/\/www.riceandcarry.eu\/wp-content\/uploads\/2020\/09\/rinder.jpg\" alt=\"\" data-id=\"744\" data-full-url=\"https:\/\/www.riceandcarry.eu\/wp-content\/uploads\/2020\/09\/rinder.jpg\" data-link=\"https:\/\/www.riceandcarry.eu\/de\/rinder\/\" class=\"wp-image-744\"\/><figcaption class=\"blocks-gallery-item__caption\">Logisch: Auch hier findet man sie an vielen Stellen der Stadt.<\/figcaption><\/figure><\/li><li class=\"blocks-gallery-item\"><figure><img loading=\"lazy\" decoding=\"async\" width=\"384\" height=\"270\" src=\"https:\/\/www.riceandcarry.eu\/wp-content\/uploads\/2020\/09\/surfers_paradise.jpg\" alt=\"\" data-id=\"746\" data-full-url=\"https:\/\/www.riceandcarry.eu\/wp-content\/uploads\/2020\/09\/surfers_paradise.jpg\" data-link=\"https:\/\/www.riceandcarry.eu\/de\/surfers_paradise\/\" class=\"wp-image-746\"\/><figcaption class=\"blocks-gallery-item__caption\">Surfers Paradise. Zahlreiche Shops bieten Boards an. Ausleihen und los geht&#8217;s.<\/figcaption><\/figure><\/li><li class=\"blocks-gallery-item\"><figure><img loading=\"lazy\" decoding=\"async\" width=\"384\" height=\"270\" src=\"https:\/\/www.riceandcarry.eu\/wp-content\/uploads\/2020\/09\/rc-shop.jpg\" alt=\"\" data-id=\"742\" data-full-url=\"https:\/\/www.riceandcarry.eu\/wp-content\/uploads\/2020\/09\/rc-shop.jpg\" data-link=\"https:\/\/www.riceandcarry.eu\/de\/rc-shop\/\" class=\"wp-image-742\"\/><figcaption class=\"blocks-gallery-item__caption\">Unser Shop in Aragum Bay<\/figcaption><\/figure><\/li><li class=\"blocks-gallery-item\"><figure><img loading=\"lazy\" decoding=\"async\" width=\"384\" height=\"270\" src=\"https:\/\/www.riceandcarry.eu\/wp-content\/uploads\/2020\/09\/Arugam_Bay_backpacker.jpg\" alt=\"\" data-id=\"728\" data-full-url=\"https:\/\/www.riceandcarry.eu\/wp-content\/uploads\/2020\/09\/Arugam_Bay_backpacker.jpg\" data-link=\"https:\/\/www.riceandcarry.eu\/de\/arugam_bay_backpacker\/\" class=\"wp-image-728\"\/><figcaption class=\"blocks-gallery-item__caption\">Die Ostk\u00fcste, beliebt bei Backpacker<\/figcaption><\/figure><\/li><li class=\"blocks-gallery-item\"><figure><img loading=\"lazy\" decoding=\"async\" width=\"384\" height=\"270\" src=\"https:\/\/www.riceandcarry.eu\/wp-content\/uploads\/2020\/09\/huette_2.jpg\" alt=\"\" data-id=\"734\" data-full-url=\"https:\/\/www.riceandcarry.eu\/wp-content\/uploads\/2020\/09\/huette_2.jpg\" data-link=\"https:\/\/www.riceandcarry.eu\/de\/huette_2\/\" class=\"wp-image-734\"\/><figcaption class=\"blocks-gallery-item__caption\">Oft zu entdecken. Toll bemalte Wohnh\u00e4user und H\u00fctten<\/figcaption><\/figure><\/li><li class=\"blocks-gallery-item\"><figure><img loading=\"lazy\" decoding=\"async\" width=\"384\" height=\"270\" src=\"https:\/\/www.riceandcarry.eu\/wp-content\/uploads\/2020\/09\/AG-Huette_2.jpg\" alt=\"\" data-id=\"724\" data-full-url=\"https:\/\/www.riceandcarry.eu\/wp-content\/uploads\/2020\/09\/AG-Huette_2.jpg\" data-link=\"https:\/\/www.riceandcarry.eu\/de\/ag-huette_2\/\" class=\"wp-image-724\"\/><figcaption class=\"blocks-gallery-item__caption\">Diese H\u00fctte mussten wir zeigen<\/figcaption><\/figure><\/li><\/ul><\/figure>\n","protected":false},"excerpt":{"rendered":"<p>An der Ostk\u00fcste von Sri Lanka sind wir zuhause. Hier werden die Produkte hergestellt. Und hier werden die Recyclingmaterialien gesammelt. Wir selbst sitzen in Komari, einer schmalen Landbr\u00fccke, die im Osten vom Indischen Ozean und im Westen von der Komari Lagune begrenzt wird. Rund 20 km s\u00fcdlich von [&hellip;]<\/p>\n","protected":false},"author":1,"featured_media":0,"parent":67,"menu_order":4,"comment_status":"closed","ping_status":"closed","template":"","meta":{"_acf_changed":false,"footnotes":""},"class_list":["post-588","page","type-page","status-publish","hentry"],"acf":[],"_links":{"self":[{"href":"https:\/\/www.riceandcarry.eu\/de\/wp-json\/wp\/v2\/pages\/588","targetHints":{"allow":["GET"]}}],"collection":[{"href":"https:\/\/www.riceandcarry.eu\/de\/wp-json\/wp\/v2\/pages"}],"about":[{"href":"https:\/\/www.riceandcarry.eu\/de\/wp-json\/wp\/v2\/types\/page"}],"author":[{"embeddable":true,"href":"https:\/\/www.riceandcarry.eu\/de\/wp-json\/wp\/v2\/users\/1"}],"replies":[{"embeddable":true,"href":"https:\/\/www.riceandcarry.eu\/de\/wp-json\/wp\/v2\/comments?post=588"}],"version-history":[{"count":1,"href":"https:\/\/www.riceandcarry.eu\/de\/wp-json\/wp\/v2\/pages\/588\/revisions"}],"predecessor-version":[{"id":1304,"href":"https:\/\/www.riceandcarry.eu\/de\/wp-json\/wp\/v2\/pages\/588\/revisions\/1304"}],"up":[{"embeddable":true,"href":"https:\/\/www.riceandcarry.eu\/de\/wp-json\/wp\/v2\/pages\/67"}],"wp:attachment":[{"href":"https:\/\/www.riceandcarry.eu\/de\/wp-json\/wp\/v2\/media?parent=588"}],"curies":[{"name":"wp","href":"https:\/\/api.w.org\/{rel}","templated":true}]}}