{"id":67,"date":"2020-09-16T09:31:59","date_gmt":"2020-09-16T07:31:59","guid":{"rendered":"https:\/\/www.riceandcarry.eu\/?page_id=67"},"modified":"2020-09-29T10:05:27","modified_gmt":"2020-09-29T08:05:27","slug":"rice-and-carry","status":"publish","type":"page","link":"https:\/\/www.riceandcarry.eu\/de\/rice-and-carry\/","title":{"rendered":"Rice &#038; Carry"},"content":{"rendered":"              \n                <div class=\"cards-1 v2\">\n                  <div class=\"row\">\n\n                    \n                      <div class=\"col-12 col-sm-6 col-md-3\">\n\n                                                \n                        <a href=\"https:\/\/www.riceandcarry.eu\/de\/rice-and-carry\/ueber-uns\/\" class=\"item\">\n                          <div class=\"image\">\n                            <img decoding=\"async\" src=\"https:\/\/www.riceandcarry.eu\/wp-content\/uploads\/2020\/09\/schmuck_6.jpg\" alt=\"\" \/>\n                          <\/div>\n                          <div class=\"text\">\n                            <h2>\u00dcber uns<\/h2>\n                            <p>Schau, wer hinter Rice &#038; Carry steckt. Wir m\u00f6chten uns Dir vorstellen und Dir was \u00fcber unsere Geschichte erz\u00e4hlen.<\/p>\n                          <\/div>\n                          <div class=\"link\">\n                            <p>Mehr erfahren<\/p>\n                          <\/div>\n                        <\/a>\n\n                        \n                      <\/div>\n\n                    \n                      <div class=\"col-12 col-sm-6 col-md-3\">\n\n                                                \n                        <a href=\"https:\/\/www.riceandcarry.eu\/de\/rice-and-carry\/prinzipien\/\" class=\"item\">\n                          <div class=\"image\">\n                            <img decoding=\"async\" src=\"https:\/\/www.riceandcarry.eu\/wp-content\/uploads\/2020\/09\/Logo__.jpg\" alt=\"Logo Rice &#038; Carry\" \/>\n                          <\/div>\n                          <div class=\"text\">\n                            <h2>Unsere Prinzipien<\/h2>\n                            <p>Denn wir sind von dem \u00fcberzeugt, was wir tun.<\/p>\n                          <\/div>\n                          <div class=\"link\">\n                            <p>Mehr erfahren<\/p>\n                          <\/div>\n                        <\/a>\n\n                        \n                      <\/div>\n\n                    \n                      <div class=\"col-12 col-sm-6 col-md-3\">\n\n                                                \n                        <a href=\"https:\/\/www.riceandcarry.eu\/de\/rice-and-carry\/faq\/\" class=\"item\">\n                          <div class=\"image\">\n                            <img decoding=\"async\" src=\"https:\/\/www.riceandcarry.eu\/wp-content\/uploads\/2020\/09\/Fragezeichen_1.jpg\" alt=\"\" \/>\n                          <\/div>\n                          <div class=\"text\">\n                            <h2>FAQ<\/h2>\n                            <p>Fragen \u00fcber Fragen. Hier findest Du Deine Antwort.<\/p>\n                          <\/div>\n                          <div class=\"link\">\n                            <p>Mehr erfahren<\/p>\n                          <\/div>\n                        <\/a>\n\n                        \n                      <\/div>\n\n                    \n                      <div class=\"col-12 col-sm-6 col-md-3\">\n\n                                                \n                        <a href=\"https:\/\/www.riceandcarry.eu\/de\/rice-and-carry\/arugam-bay\/\" class=\"item\">\n                          <div class=\"image\">\n                            <img decoding=\"async\" src=\"https:\/\/www.riceandcarry.eu\/wp-content\/uploads\/2020\/09\/AB-beach.jpg\" alt=\"Arugam Bay Beach\" \/>\n                          <\/div>\n                          <div class=\"text\">\n                            <h2>Arugam Bay<\/h2>\n                            <p>Aus dem Umkreis des K\u00fcstenorts kommen die Rice &#038; Carry Produkte. Lerne die Region einwenig kennen.<\/p>\n                          <\/div>\n                          <div class=\"link\">\n                            <p>Mehr erfahren<\/p>\n                          <\/div>\n                        <\/a>\n\n                        \n                      <\/div>\n\n                    \n                  <\/div>\n                <\/div>\n\n              ","protected":false},"excerpt":{"rendered":"","protected":false},"author":1,"featured_media":0,"parent":0,"menu_order":2,"comment_status":"closed","ping_status":"closed","template":"","meta":{"_acf_changed":false,"footnotes":""},"class_list":["post-67","page","type-page","status-publish","hentry"],"acf":[],"_links":{"self":[{"href":"https:\/\/www.riceandcarry.eu\/de\/wp-json\/wp\/v2\/pages\/67","targetHints":{"allow":["GET"]}}],"collection":[{"href":"https:\/\/www.riceandcarry.eu\/de\/wp-json\/wp\/v2\/pages"}],"about":[{"href":"https:\/\/www.riceandcarry.eu\/de\/wp-json\/wp\/v2\/types\/page"}],"author":[{"embeddable":true,"href":"https:\/\/www.riceandcarry.eu\/de\/wp-json\/wp\/v2\/users\/1"}],"replies":[{"embeddable":true,"href":"https:\/\/www.riceandcarry.eu\/de\/wp-json\/wp\/v2\/comments?post=67"}],"version-history":[{"count":2,"href":"https:\/\/www.riceandcarry.eu\/de\/wp-json\/wp\/v2\/pages\/67\/revisions"}],"predecessor-version":[{"id":1146,"href":"https:\/\/www.riceandcarry.eu\/de\/wp-json\/wp\/v2\/pages\/67\/revisions\/1146"}],"wp:attachment":[{"href":"https:\/\/www.riceandcarry.eu\/de\/wp-json\/wp\/v2\/media?parent=67"}],"curies":[{"name":"wp","href":"https:\/\/api.w.org\/{rel}","templated":true}]}}