{"id":69,"date":"2020-09-16T09:33:49","date_gmt":"2020-09-16T07:33:49","guid":{"rendered":"https:\/\/www.riceandcarry.eu\/?page_id=69"},"modified":"2020-11-06T13:02:26","modified_gmt":"2020-11-06T12:02:26","slug":"ueber-uns","status":"publish","type":"page","link":"https:\/\/www.riceandcarry.eu\/de\/rice-and-carry\/ueber-uns\/","title":{"rendered":"\u00dcber uns"},"content":{"rendered":"\n<div class=\"wp-block-columns is-layout-flex wp-container-core-columns-is-layout-9d6595d7 wp-block-columns-is-layout-flex\">\n<div class=\"wp-block-column is-layout-flow wp-block-column-is-layout-flow\">\n<figure class=\"wp-block-embed-youtube wp-block-embed is-type-video is-provider-youtube wp-embed-aspect-16-9 wp-has-aspect-ratio\"><div class=\"wp-block-embed__wrapper\">\n <div class=\"brlbs-cmpnt-container brlbs-cmpnt-content-blocker brlbs-cmpnt-with-individual-styles\" data-borlabs-cookie-content-blocker-id=\"youtube-content-blocker\" data-borlabs-cookie-content=\"PGlmcmFtZSB0aXRsZT0iUmljZSBhbmQgQ2FycnkgLSAgU2F2ZSBZb3VyIFdhc3RlIiB3aWR0aD0iNTAwIiBoZWlnaHQ9IjI4MSIgc3JjPSJodHRwczovL3d3dy55b3V0dWJlLW5vY29va2llLmNvbS9lbWJlZC9mS25QdGVxXy1ZUT9zdGFydD0yJmZlYXR1cmU9b2VtYmVkIiBmcmFtZWJvcmRlcj0iMCIgYWxsb3c9ImFjY2VsZXJvbWV0ZXI7IGF1dG9wbGF5OyBjbGlwYm9hcmQtd3JpdGU7IGVuY3J5cHRlZC1tZWRpYTsgZ3lyb3Njb3BlOyBwaWN0dXJlLWluLXBpY3R1cmU7IHdlYi1zaGFyZSIgcmVmZXJyZXJwb2xpY3k9InN0cmljdC1vcmlnaW4td2hlbi1jcm9zcy1vcmlnaW4iIGFsbG93ZnVsbHNjcmVlbj48L2lmcmFtZT4=\"><div class=\"brlbs-cmpnt-cb-preset-c brlbs-cmpnt-cb-youtube\"> <div class=\"brlbs-cmpnt-cb-thumbnail\" style=\"background-image: url('https:\/\/www.riceandcarry.eu\/wp-content\/uploads\/borlabs-cookie\/1\/yt_fKnPteq_-YQ_hqdefault.jpg')\"><\/div> <div class=\"brlbs-cmpnt-cb-main\"> <div class=\"brlbs-cmpnt-cb-play-button\"><\/div> <div class=\"brlbs-cmpnt-cb-content\"> <p class=\"brlbs-cmpnt-cb-description\">Sie sehen gerade einen Platzhalterinhalt von <strong>YouTube<\/strong>. Um auf den eigentlichen Inhalt zuzugreifen, klicken Sie auf die Schaltfl\u00e4che unten. Bitte beachten Sie, dass dabei Daten an Drittanbieter weitergegeben werden.<\/p> <a class=\"brlbs-cmpnt-cb-provider-toggle\" href=\"#\" data-borlabs-cookie-show-provider-information role=\"button\">Mehr Informationen<\/a> <\/div> <div class=\"brlbs-cmpnt-cb-buttons\"> <a class=\"brlbs-cmpnt-cb-btn\" href=\"#\" data-borlabs-cookie-unblock role=\"button\">Inhalt entsperren<\/a> <a class=\"brlbs-cmpnt-cb-btn\" href=\"#\" data-borlabs-cookie-accept-service role=\"button\" style=\"display: inherit\">Erforderlichen Service akzeptieren und Inhalte entsperren<\/a> <\/div> <\/div> <\/div><\/div>\n<\/div><\/figure>\n<\/div>\n\n\n\n<div class=\"wp-block-column is-layout-flow wp-block-column-is-layout-flow\" style=\"flex-basis:51.6%\">\n<h1 class=\"wp-block-heading\">Die erste Rice &amp; Carry Tasche entstand 2012 an Sri Lankas Ostk\u00fcste&#8230;<\/h1>\n\n\n\n<p>mit der Intention auf zwei Dinge aufmerksam zu machen:<\/p>\n\n\n\n<ol class=\"wp-block-list\"><li><strong>Die stetig wachsende Menge an Plastikabfall und die fehlenden L\u00f6sungen diesen zu vermeiden oder zu recyclen. <\/strong><\/li><li><strong>Der Mangel an Besch\u00e4ftigungsm\u00f6glichkeiten f\u00fcr Frauen.<\/strong><\/li><\/ol>\n\n\n\n<p>Was als ein sogenanntes \u2018Nebenprojekt\u2019 begann, sollte in erster Linie Menschen daf\u00fcr sensibilisieren, dass Abfall durchaus \u2018wertvoll\u2019 sein kann und wir sorgsam mit unseren Ressourcen umgehen sollten. <br>Dar\u00fcber hinaus war und ist es uns ein Herzensanliegen, Frauen durch stabile und familienfreundliche Arbeitspl\u00e4tze mehr Selbstbestimmung zu erm\u00f6glichen. Denn es ist unsere \u00dcberzeugung, dass von Umweltschutz und Chancengleichheit die gesamte Gesellschaft profitiert.<\/p>\n<\/div>\n<\/div>\n\n\n\n<div style=\"height:51px\" aria-hidden=\"true\" class=\"wp-block-spacer\"><\/div>\n\n\n\n<h4 class=\"wp-block-heading\">Heute ist aus diesem Nebenprojekt, das zu Beginn durchaus mit Skepsis be\u00e4ugt wurde, ein soziales Unternehmen geworden, dass sich von Anfang an den Prinzipien des fairen Handels verschrieben hat. Mittlerweile&#8230;<\/h4>\n\n\n\n<p><strong>.. sammeln und recyceln wir mehr als 60.000 Reis- und Jutes\u00e4cke und 120.000 Plastikflaschen pro Jahr<\/strong><br><br><strong>..bieten wir \u00fcber 40 Frauen einen stabilen und sicheren Arbeitsplatz mit fairer Bezahlung<\/strong><\/p>\n\n\n\n<p>Das Herzst\u00fcck der Produktion ist unsere Manufaktur in Komari, ein kleines Dorf an der Ostk\u00fcste Sri Lankas. <br>Dort arbeitet ein 12 k\u00f6pfiges Team eifrig daran, dass die N\u00e4hmaschinen rattern und alle unsere N\u00e4herinnen, die von zu Hause aus arbeiten, die notwendigen Materialien erhalten. <br>Dar\u00fcber hinaus t\u00fcfteln wir hier an neuen Produkten, schulen unsere Mitarbeitenden, waschen und lagern unsere Reis- und Jutes\u00e4cke und kontrollieren und verpacken alle fertigen Produkte. <br><br><strong>Ein paar von diesen Powerfrauen m\u00f6chten wir euch hier vorstellen:<\/strong><\/p>\n\n\n\n<div style=\"height:51px\" aria-hidden=\"true\" class=\"wp-block-spacer\"><\/div>\n\n\n\n<div class=\"wp-block-columns is-layout-flex wp-container-core-columns-is-layout-9d6595d7 wp-block-columns-is-layout-flex\">\n<div class=\"wp-block-column is-layout-flow wp-block-column-is-layout-flow\" style=\"flex-basis:33.33%\">\n<figure class=\"wp-block-image size-large\"><img loading=\"lazy\" decoding=\"async\" width=\"384\" height=\"270\" src=\"https:\/\/www.riceandcarry.eu\/wp-content\/uploads\/2020\/09\/Nanthini-.jpg\" alt=\"\" class=\"wp-image-1120\"\/><\/figure>\n<\/div>\n\n\n\n<div class=\"wp-block-column is-layout-flow wp-block-column-is-layout-flow\" style=\"flex-basis:66.66%\">\n<h4 class=\"wp-block-heading\">Nanthini <\/h4>\n\n\n\n<p> ist seit 2013 bei uns und war eine unserer ersten N\u00e4herinnen in Komari. Schnell lernte sie verschiedenste Produkte aus Reis- und Jutes\u00e4cke anzufertigen und ist mittlerweile wesentlich an der Entwicklung neuer Designs beteiligt. Zus\u00e4tzlich zu ihrem Talent an der N\u00e4hmaschine, ist sie gro\u00dfartig in der Schulung neuer Mitarbeitenden. Es war also keine gro\u00dfe \u00dcberraschung, dass sie schnell zur Teamleiterin unserer Manufaktur wurde.<\/p>\n<\/div>\n<\/div>\n\n\n\n<div class=\"wp-block-columns is-layout-flex wp-container-core-columns-is-layout-9d6595d7 wp-block-columns-is-layout-flex\">\n<div class=\"wp-block-column is-layout-flow wp-block-column-is-layout-flow\" style=\"flex-basis:33.33%\">\n<figure class=\"wp-block-image size-large\"><img loading=\"lazy\" decoding=\"async\" width=\"384\" height=\"270\" src=\"https:\/\/www.riceandcarry.eu\/wp-content\/uploads\/2020\/09\/Sivanthini-.jpg\" alt=\"\" class=\"wp-image-1104\"\/><\/figure>\n<\/div>\n\n\n\n<div class=\"wp-block-column is-layout-flow wp-block-column-is-layout-flow\" style=\"flex-basis:66.66%\">\n<h4 class=\"wp-block-heading\">Sivanthini <\/h4>\n\n\n\n<p>startete ebenfalls 2013 mit uns in Komari und arbeitete sich vom Waschen und B\u00fcgeln der S\u00e4cke bis zum Anbringen der Preisschilder durch alle Produktionsschritte. An ihrem Ziel, eines Tages auch an der N\u00e4hmaschine zu sitzen, hielt sie fest und so ist sie heute die absolute Queen der Jutetaschen!<\/p>\n<\/div>\n<\/div>\n\n\n\n<div class=\"wp-block-columns is-layout-flex wp-container-core-columns-is-layout-9d6595d7 wp-block-columns-is-layout-flex\">\n<div class=\"wp-block-column is-layout-flow wp-block-column-is-layout-flow\" style=\"flex-basis:33.33%\">\n<figure class=\"wp-block-image size-large\"><img loading=\"lazy\" decoding=\"async\" width=\"384\" height=\"270\" src=\"https:\/\/www.riceandcarry.eu\/wp-content\/uploads\/2020\/09\/Malar-.jpg\" alt=\"\" class=\"wp-image-1124\"\/><\/figure>\n<\/div>\n\n\n\n<div class=\"wp-block-column is-layout-flow wp-block-column-is-layout-flow\" style=\"flex-basis:66.66%\">\n<h4 class=\"wp-block-heading\">Malar <\/h4>\n\n\n\n<p>Hat neben ihrem Job bei uns als N\u00e4herin, auch noch eine Landwirtschaft. Da sie von zu Hause aus arbeitet, kann sie so beide T\u00e4tigkeiten besser koordinieren. Dar\u00fcber hinaus kocht sie fantastische Currys, die sie gerne mit anderen teilt, wenn sie zur Manufaktur kommt. Sie geht stets mit einer leeren Lunchbox und reichlich Material f\u00fcr neue Produkte nach Hause.<\/p>\n<\/div>\n<\/div>\n\n\n\n<div class=\"wp-block-columns is-layout-flex wp-container-core-columns-is-layout-9d6595d7 wp-block-columns-is-layout-flex\">\n<div class=\"wp-block-column is-layout-flow wp-block-column-is-layout-flow\" style=\"flex-basis:33.33%\">\n<figure class=\"wp-block-image size-large\"><img loading=\"lazy\" decoding=\"async\" width=\"384\" height=\"270\" src=\"https:\/\/www.riceandcarry.eu\/wp-content\/uploads\/2020\/09\/Malathi-1.jpg\" alt=\"\" class=\"wp-image-1122\"\/><\/figure>\n<\/div>\n\n\n\n<div class=\"wp-block-column is-layout-flow wp-block-column-is-layout-flow\" style=\"flex-basis:66.66%\">\n<h4 class=\"wp-block-heading\">Malathi <\/h4>\n\n\n\n<p>bekam 2015 einen Ausbildungsplatz in der Manufaktur in Komari und auch sie wurde rasch zur Jute-Spezialistin. Nach ihrer Heirat, arbeitet sie nun von zu Hause aus und kommt meistens im Tuk Tuk zur Manufaktur, um all die Produkte abzuliefern zu k\u00f6nnen.<\/p>\n<\/div>\n<\/div>\n\n\n\n<div class=\"wp-block-columns is-layout-flex wp-container-core-columns-is-layout-9d6595d7 wp-block-columns-is-layout-flex\">\n<div class=\"wp-block-column is-layout-flow wp-block-column-is-layout-flow\" style=\"flex-basis:33.33%\">\n<figure class=\"wp-block-image size-large\"><img loading=\"lazy\" decoding=\"async\" width=\"384\" height=\"270\" src=\"https:\/\/www.riceandcarry.eu\/wp-content\/uploads\/2020\/09\/Pirashanthini-1.jpg\" alt=\"\" class=\"wp-image-1118\"\/><\/figure>\n<\/div>\n\n\n\n<div class=\"wp-block-column is-layout-flow wp-block-column-is-layout-flow\" style=\"flex-basis:66.66%\">\n<h4 class=\"wp-block-heading\">Pirashanthini<\/h4>\n\n\n\n<p>Verst\u00e4rkte das Team der Manufaktur in Komari 2016 und war mit ihren damals 16 Jahren das j\u00fcngste Teammitglied. Mittlerweile d\u00fcst sie mit ihrem eigenen Motorroller zur Arbeit und ist unsere Kraft f\u00fcr Spezialanfertigungen und Muster.<\/p>\n<\/div>\n<\/div>\n\n\n\n<div class=\"wp-block-columns is-layout-flex wp-container-core-columns-is-layout-9d6595d7 wp-block-columns-is-layout-flex\">\n<div class=\"wp-block-column is-layout-flow wp-block-column-is-layout-flow\" style=\"flex-basis:33.33%\">\n<figure class=\"wp-block-image size-large\"><img loading=\"lazy\" decoding=\"async\" width=\"384\" height=\"270\" src=\"https:\/\/www.riceandcarry.eu\/wp-content\/uploads\/2020\/09\/Vanitha-1.jpg\" alt=\"\" class=\"wp-image-1128\"\/><\/figure>\n<\/div>\n\n\n\n<div class=\"wp-block-column is-layout-flow wp-block-column-is-layout-flow\" style=\"flex-basis:66.66%\">\n<h4 class=\"wp-block-heading\">Vanitha<\/h4>\n\n\n\n<p>Sorgt daf\u00fcr, dass jeder Reis- und Jutesack gewaschen und geb\u00fcgelt wird, der Garten bew\u00e4ssert und der M\u00fcll sorgf\u00e4ltig getrennt wird. Dar\u00fcber hinaus stellt sie sicher, dass alle bei k\u00f6stlichem Tee ihre wohlverdienten Pausen einhalten.<\/p>\n<\/div>\n<\/div>\n\n\n\n<div class=\"wp-block-columns is-layout-flex wp-container-core-columns-is-layout-9d6595d7 wp-block-columns-is-layout-flex\">\n<div class=\"wp-block-column is-layout-flow wp-block-column-is-layout-flow\" style=\"flex-basis:33.33%\">\n<figure class=\"wp-block-image size-large\"><img loading=\"lazy\" decoding=\"async\" width=\"384\" height=\"270\" src=\"https:\/\/www.riceandcarry.eu\/wp-content\/uploads\/2020\/09\/Pratha-1.jpg\" alt=\"\" class=\"wp-image-1116\"\/><\/figure>\n<\/div>\n\n\n\n<div class=\"wp-block-column is-layout-flow wp-block-column-is-layout-flow\" style=\"flex-basis:66.66%\">\n<h4 class=\"wp-block-heading\">Jeyapiratha<\/h4>\n\n\n\n<p>Startete 2018 in der Manufaktur als Qualit\u00e4tskontrolleurin. Mittlerweile \u00fcberblickt sie mit ihren beiden Kolleginnen Dinuja und Niro nicht nur die Qualit\u00e4t der Produkte sondern auch die Bestellungen und Lagerbest\u00e4nde. Ihre Sorgfalt und Liebe zum Detail stellen sicher, dass man sich auf die Qualit\u00e4t unserer Produkte verlassen kann.<\/p>\n<\/div>\n<\/div>\n\n\n\n<div class=\"wp-block-columns is-layout-flex wp-container-core-columns-is-layout-9d6595d7 wp-block-columns-is-layout-flex\">\n<div class=\"wp-block-column is-layout-flow wp-block-column-is-layout-flow\" style=\"flex-basis:33.33%\">\n<figure class=\"wp-block-image size-large\"><img loading=\"lazy\" decoding=\"async\" width=\"384\" height=\"270\" src=\"https:\/\/www.riceandcarry.eu\/wp-content\/uploads\/2020\/09\/Danu-1.jpg\" alt=\"\" class=\"wp-image-1110\"\/><\/figure>\n<\/div>\n\n\n\n<div class=\"wp-block-column is-layout-flow wp-block-column-is-layout-flow\" style=\"flex-basis:66.66%\">\n<h4 class=\"wp-block-heading\">Danu<\/h4>\n\n\n\n<p>Verst\u00e4rkt das Team der Manufaktur in Komari seit 2020. Davor hat sie bereits 2 Jahre lang von zu Hause aus allerlei Taschen auf ihrer N\u00e4hmaschine hingezaubert. Jetzt ist ihr Sohn alt genug f\u00fcr die Schule und eine Stelle als N\u00e4herin frei geworden. Wir freuen uns die Expertin f\u00fcr Laptop Covers in der Manufaktur begr\u00fc\u00dfen zu d\u00fcrfen!&nbsp;<\/p>\n<\/div>\n<\/div>\n\n\n\n<div class=\"wp-block-columns is-layout-flex wp-container-core-columns-is-layout-9d6595d7 wp-block-columns-is-layout-flex\">\n<div class=\"wp-block-column is-layout-flow wp-block-column-is-layout-flow\">\n<div class=\"wp-block-columns is-layout-flex wp-container-core-columns-is-layout-9d6595d7 wp-block-columns-is-layout-flex\">\n<div class=\"wp-block-column is-layout-flow wp-block-column-is-layout-flow\" style=\"flex-basis:33.33%\">\n<figure class=\"wp-block-image size-large\"><img loading=\"lazy\" decoding=\"async\" width=\"384\" height=\"270\" src=\"https:\/\/www.riceandcarry.eu\/wp-content\/uploads\/2020\/09\/Dinuja-1.jpg\" alt=\"\" class=\"wp-image-1130\"\/><\/figure>\n<\/div>\n\n\n\n<div class=\"wp-block-column is-layout-flow wp-block-column-is-layout-flow\" style=\"flex-basis:66.66%\">\n<h4 class=\"wp-block-heading\">Dinuja<\/h4>\n\n\n\n<p>Unterst\u00fctzt seit 2019 Jeyapiratha und hilft ihr dabei, dass nur beste Qualit\u00e4t unsere Manufaktur in Komari verl\u00e4sst. Dar\u00fcber hinaus ist sie f\u00fcr die vielen kleinen Arbeitsschritte verantwortlich, die in jedem unserer Produkte stecken. Das beginnt beim Zuschneiden der Materialien und endet mit dem Anbringen der Preisschilder. Als w\u00e4re dies noch nicht genug, sorgt sie auch noch f\u00fcr das leibliche Wohl unserer Samtpfoten.<\/p>\n<\/div>\n<\/div>\n<\/div>\n<\/div>\n\n\n\n<div class=\"wp-block-columns is-layout-flex wp-container-core-columns-is-layout-9d6595d7 wp-block-columns-is-layout-flex\">\n<div class=\"wp-block-column is-layout-flow wp-block-column-is-layout-flow\" style=\"flex-basis:33.33%\">\n<figure class=\"wp-block-image size-large\"><img loading=\"lazy\" decoding=\"async\" width=\"384\" height=\"270\" src=\"https:\/\/www.riceandcarry.eu\/wp-content\/uploads\/2020\/09\/Tharshini.jpg\" alt=\"\" class=\"wp-image-1106\"\/><\/figure>\n<\/div>\n\n\n\n<div class=\"wp-block-column is-layout-flow wp-block-column-is-layout-flow\" style=\"flex-basis:66.66%\">\n<h4 class=\"wp-block-heading\">Tharshini&#8217;s<\/h4>\n\n\n\n<p>Beharrlichkeit zahlte sich aus. Mehr als einmal bat sie um Arbeit, und wir freuen uns, sie nun in unser Team aufnehmen zu k\u00f6nnen und sie in der Herstellung von Jutetaschen auszubilden.<\/p>\n<\/div>\n<\/div>\n\n\n\n<div class=\"wp-block-columns is-layout-flex wp-container-core-columns-is-layout-9d6595d7 wp-block-columns-is-layout-flex\">\n<div class=\"wp-block-column is-layout-flow wp-block-column-is-layout-flow\" style=\"flex-basis:33.33%\">\n<figure class=\"wp-block-image size-large\"><img loading=\"lazy\" decoding=\"async\" width=\"384\" height=\"270\" src=\"https:\/\/www.riceandcarry.eu\/wp-content\/uploads\/2020\/09\/Thastakeer.jpg\" alt=\"\" class=\"wp-image-1108\"\/><\/figure>\n<\/div>\n\n\n\n<div class=\"wp-block-column is-layout-flow wp-block-column-is-layout-flow\" style=\"flex-basis:66.66%\">\n<h4 class=\"wp-block-heading\">Thastakeer<\/h4>\n\n\n\n<p>ist unser langj\u00e4hriger Freund und hilft uns bei vielen Dingen. Selten sieht man ihn ohne sein Tuk Tuk, da er zweifelfrei der King of Transport ist. Er sammelt f\u00fcr uns die Reis- und Jutes\u00e4cke ein und erledigt die Eink\u00e4ufe. Jede Woche kommt er mit seinem voll bepackten Tuk Tuk zur Manufaktur in Komari, um all die fertigen Produkte anzuliefern, die unsere N\u00e4herinnen in Pottuvil anfertigen. Nat\u00fcrlich f\u00e4hrt er wieder voll bepackt zur\u00fcck, um unsere unerm\u00fcdlichen Mitarbeiterinnen in Pottuvil mit neuen Materialien zu versorgen. <\/p>\n\n\n\n<p>Er begleitet Rice &amp; Carry seit der ersten Tasche 2012 und konnte seine Tochter Samsath rasch \u00fcberzeugen Taschen aus Reiss\u00e4cke zu n\u00e4hen. Das tut sie bis heute und kann f\u00fcr sich in Anspruch nehmen die erste Mitarbeiterin von Rice &amp; Carry zu sein!<\/p>\n<\/div>\n<\/div>\n\n\n\n<figure class=\"wp-block-image size-large is-resized\"><img loading=\"lazy\" decoding=\"async\" src=\"https:\/\/www.riceandcarry.eu\/wp-content\/uploads\/2020\/10\/image.png\" alt=\"\" class=\"wp-image-1310\" width=\"546\" height=\"319\"\/><\/figure>\n\n\n\n<p>Nachdem Samsath den Anfang gemacht hat, nahmen bald auch Hamsuna, Salma, Thaj &amp; Hajitha aus Pottuvil&nbsp; beim \u2018Projekt Rice &amp; Carry\u2019 teil. Zum Gl\u00fcck mit gro\u00dfem Erfolg und es geb\u00fchrt ihnen unser Dank f\u00fcr ihre leidenschaftliche Arbeit und ihren Glauben an unsere Idee, die anfangs viele absurd fanden. Alle N\u00e4herinnen aus Pottuvil, das 20 km von Komari entfernt ist, arbeiten von zu Hause aus und haben sich zu absoluten Spezialistinnen f\u00fcr unsere Produkte aus Reiss\u00e4cken entwickelt!<\/p>\n\n\n\n<p><\/p>\n\n\n\n<div style=\"height:51px\" aria-hidden=\"true\" class=\"wp-block-spacer\"><\/div>\n\n\n\n<div class=\"wp-block-columns is-layout-flex wp-container-core-columns-is-layout-9d6595d7 wp-block-columns-is-layout-flex\">\n<div class=\"wp-block-column is-layout-flow wp-block-column-is-layout-flow\" style=\"flex-basis:33.33%\">\n<figure class=\"wp-block-image size-large\"><img loading=\"lazy\" decoding=\"async\" width=\"384\" height=\"270\" src=\"https:\/\/www.riceandcarry.eu\/wp-content\/uploads\/2020\/09\/Henry-Susi.jpg\" alt=\"\" class=\"wp-image-1132\"\/><\/figure>\n<\/div>\n\n\n\n<div class=\"wp-block-column is-layout-flow wp-block-column-is-layout-flow\" style=\"flex-basis:66.9%\">\n<h4 class=\"wp-block-heading\">Susi &amp; Henry <\/h4>\n\n\n\n<p>sind die Inhabenden und Initiierenden von Rice &amp; Carry.<br><\/p>\n<\/div>\n<\/div>\n\n\n\n<figure class=\"wp-block-video aligncenter\"><video controls src=\"https:\/\/www.riceandcarry.eu\/wp-content\/uploads\/2020\/10\/Rice-and-Carry-video-by-Ollier-walker_low-quality.mp4\"><\/video><\/figure>\n\n\n\n<div class=\"wp-block-columns is-layout-flex wp-container-core-columns-is-layout-9d6595d7 wp-block-columns-is-layout-flex\">\n<div class=\"wp-block-column is-layout-flow wp-block-column-is-layout-flow\" style=\"flex-basis:33.33%\">\n<figure class=\"wp-block-image size-large\"><img loading=\"lazy\" decoding=\"async\" width=\"384\" height=\"270\" src=\"https:\/\/www.riceandcarry.eu\/wp-content\/uploads\/2020\/09\/cats.jpg\" alt=\"\" class=\"wp-image-1136\"\/><\/figure>\n<\/div>\n\n\n\n<div class=\"wp-block-column is-layout-flow wp-block-column-is-layout-flow\" style=\"flex-basis:66.66%\">\n<h4 class=\"wp-block-heading\">Telef, Larry &amp; Frau Momsen<\/h4>\n\n\n\n<p>sind unsere bezaubernden Katzen, die jeden Tag die Mitarbeitenden von Rice &amp; Carry umgeben. Urspr\u00fcnglich zur Sch\u00e4dlingsbek\u00e4mpfung eingestellt, wurde bald deutlich, dass ihre St\u00e4rken aber doch eher im Schlafen und Schnurren liegen\u2026.<\/p>\n<\/div>\n<\/div>\n\n\n\n<p><\/p>\n","protected":false},"excerpt":{"rendered":"<p>Die erste Rice &amp; Carry Tasche entstand 2012 an Sri Lankas Ostk\u00fcste&#8230; mit der Intention auf zwei Dinge aufmerksam zu machen: Die stetig wachsende Menge an Plastikabfall und die fehlenden L\u00f6sungen diesen zu vermeiden oder zu recyclen. Der Mangel an Besch\u00e4ftigungsm\u00f6glichkeiten f\u00fcr Frauen. Was als ein sogenanntes \u2018Nebenprojekt\u2019 [&hellip;]<\/p>\n","protected":false},"author":1,"featured_media":0,"parent":67,"menu_order":1,"comment_status":"closed","ping_status":"closed","template":"","meta":{"_acf_changed":false,"footnotes":""},"class_list":["post-69","page","type-page","status-publish","hentry"],"acf":[],"_links":{"self":[{"href":"https:\/\/www.riceandcarry.eu\/de\/wp-json\/wp\/v2\/pages\/69","targetHints":{"allow":["GET"]}}],"collection":[{"href":"https:\/\/www.riceandcarry.eu\/de\/wp-json\/wp\/v2\/pages"}],"about":[{"href":"https:\/\/www.riceandcarry.eu\/de\/wp-json\/wp\/v2\/types\/page"}],"author":[{"embeddable":true,"href":"https:\/\/www.riceandcarry.eu\/de\/wp-json\/wp\/v2\/users\/1"}],"replies":[{"embeddable":true,"href":"https:\/\/www.riceandcarry.eu\/de\/wp-json\/wp\/v2\/comments?post=69"}],"version-history":[{"count":25,"href":"https:\/\/www.riceandcarry.eu\/de\/wp-json\/wp\/v2\/pages\/69\/revisions"}],"predecessor-version":[{"id":2105,"href":"https:\/\/www.riceandcarry.eu\/de\/wp-json\/wp\/v2\/pages\/69\/revisions\/2105"}],"up":[{"embeddable":true,"href":"https:\/\/www.riceandcarry.eu\/de\/wp-json\/wp\/v2\/pages\/67"}],"wp:attachment":[{"href":"https:\/\/www.riceandcarry.eu\/de\/wp-json\/wp\/v2\/media?parent=69"}],"curies":[{"name":"wp","href":"https:\/\/api.w.org\/{rel}","templated":true}]}}