{"id":71,"date":"2020-09-16T09:34:05","date_gmt":"2020-09-16T07:34:05","guid":{"rendered":"https:\/\/www.riceandcarry.eu\/?page_id=71"},"modified":"2020-11-10T12:27:11","modified_gmt":"2020-11-10T11:27:11","slug":"prinzipien","status":"publish","type":"page","link":"https:\/\/www.riceandcarry.eu\/de\/rice-and-carry\/prinzipien\/","title":{"rendered":"Prinzipien"},"content":{"rendered":"\n<div class=\"wp-block-columns is-layout-flex wp-container-core-columns-is-layout-9d6595d7 wp-block-columns-is-layout-flex\">\n<div class=\"wp-block-column is-layout-flow wp-block-column-is-layout-flow\" style=\"flex-basis:33.33%\">\n<figure class=\"wp-block-image size-large\"><img loading=\"lazy\" decoding=\"async\" width=\"384\" height=\"384\" src=\"https:\/\/www.riceandcarry.eu\/wp-content\/uploads\/2020\/09\/logo.jpg\" alt=\"Logo\" class=\"wp-image-609\" srcset=\"https:\/\/www.riceandcarry.eu\/wp-content\/uploads\/2020\/09\/logo.jpg 384w, https:\/\/www.riceandcarry.eu\/wp-content\/uploads\/2020\/09\/logo-150x150.jpg 150w\" sizes=\"auto, (max-width: 384px) 100vw, 384px\" \/><\/figure>\n<\/div>\n\n\n\n<div class=\"wp-block-column is-layout-flow wp-block-column-is-layout-flow\" style=\"flex-basis:66.66%\">\n<h1 class=\"wp-block-heading\">Garantiert Fair Trade<\/h1>\n\n\n\n<p><strong>Die Marke Rice &amp; Carry ist ein voll anerkanntes Mitglied der World Fair Trade Organisation (WFTO). Alle Produkte werden nach den 10 Fair-Trade-Prinzipien hergestellt.<\/strong><\/p>\n\n\n\n<div style=\"height:50px\" aria-hidden=\"true\" class=\"wp-block-spacer\"><\/div>\n<\/div>\n<\/div>\n\n\n\n<div class=\"wp-block-columns is-layout-flex wp-container-core-columns-is-layout-9d6595d7 wp-block-columns-is-layout-flex\">\n<div class=\"wp-block-column is-layout-flow wp-block-column-is-layout-flow\" style=\"flex-basis:33.33%\">\n<figure class=\"wp-block-image size-large\"><img loading=\"lazy\" decoding=\"async\" width=\"384\" height=\"169\" src=\"https:\/\/www.riceandcarry.eu\/wp-content\/uploads\/2020\/09\/s0-2.jpg\" alt=\"\" class=\"wp-image-1210\"\/><\/figure>\n<\/div>\n\n\n\n<div class=\"wp-block-column is-layout-flow wp-block-column-is-layout-flow\" style=\"flex-basis:66.66%\">\n<h4 class=\"wp-block-heading\">M\u00f6glichkeiten f\u00fcr benachteiligte Produzierende schaffen<\/h4>\n\n\n\n<p>Neben unseren angestellten Handwerker*innen arbeiten wir mit kleinen Familienunternehmen und Frauenverb\u00e4nden in der Ostprovinz von Sri Lanka zusammen.<\/p>\n<\/div>\n<\/div>\n\n\n\n<div class=\"wp-block-columns is-layout-flex wp-container-core-columns-is-layout-9d6595d7 wp-block-columns-is-layout-flex\">\n<div class=\"wp-block-column is-layout-flow wp-block-column-is-layout-flow\" style=\"flex-basis:33.33%\">\n<figure class=\"wp-block-image size-large\"><img loading=\"lazy\" decoding=\"async\" width=\"384\" height=\"169\" src=\"https:\/\/www.riceandcarry.eu\/wp-content\/uploads\/2020\/09\/s9-2.jpg\" alt=\"\" class=\"wp-image-1192\"\/><\/figure>\n<\/div>\n\n\n\n<div class=\"wp-block-column is-layout-flow wp-block-column-is-layout-flow\" style=\"flex-basis:66.66%\">\n<h4 class=\"wp-block-heading\">Transparenz und Rechenschaftspflicht<\/h4>\n\n\n\n<p>Wir sind hinsichtlich unseres Produktionsprozesses transparent. Besuche unsere Manufaktur in Komari und wirf einen Blick hinter die Kulissen.<\/p>\n<\/div>\n<\/div>\n\n\n\n<div class=\"wp-block-columns is-layout-flex wp-container-core-columns-is-layout-9d6595d7 wp-block-columns-is-layout-flex\">\n<div class=\"wp-block-column is-layout-flow wp-block-column-is-layout-flow\" style=\"flex-basis:33.33%\">\n<figure class=\"wp-block-image size-large\"><img loading=\"lazy\" decoding=\"async\" width=\"384\" height=\"169\" src=\"https:\/\/www.riceandcarry.eu\/wp-content\/uploads\/2020\/09\/s8-2.jpg\" alt=\"\" class=\"wp-image-1194\"\/><\/figure>\n<\/div>\n\n\n\n<div class=\"wp-block-column is-layout-flow wp-block-column-is-layout-flow\" style=\"flex-basis:66.66%\">\n<h4 class=\"wp-block-heading\">Faire Handelspraktiken<\/h4>\n\n\n\n<p>Solidarit\u00e4t, Vertrauen und gegenseitiger Respekt sind unsere Grundwerte. So bauen wir insbesondere Beziehungen zu Gesch\u00e4ftspartnern auf.<\/p>\n<\/div>\n<\/div>\n\n\n\n<div class=\"wp-block-columns is-layout-flex wp-container-core-columns-is-layout-9d6595d7 wp-block-columns-is-layout-flex\">\n<div class=\"wp-block-column is-layout-flow wp-block-column-is-layout-flow\" style=\"flex-basis:33.33%\">\n<figure class=\"wp-block-image size-large\"><img loading=\"lazy\" decoding=\"async\" width=\"384\" height=\"169\" src=\"https:\/\/www.riceandcarry.eu\/wp-content\/uploads\/2020\/09\/s7-2.jpg\" alt=\"\" class=\"wp-image-1196\"\/><\/figure>\n<\/div>\n\n\n\n<div class=\"wp-block-column is-layout-flow wp-block-column-is-layout-flow\" style=\"flex-basis:66.66%\">\n<h4 class=\"wp-block-heading\">Marktgerechte Bezahlung<\/h4>\n\n\n\n<p>Wir stellen sicher, dass alle unsere Besch\u00e4ftigten ein monatliches Einkommen \u00fcber dem nationalen Mindestlohn erhalten und wir zahlen zudem in einen Pensionsfonds ein.<\/p>\n<\/div>\n<\/div>\n\n\n\n<div class=\"wp-block-columns is-layout-flex wp-container-core-columns-is-layout-9d6595d7 wp-block-columns-is-layout-flex\">\n<div class=\"wp-block-column is-layout-flow wp-block-column-is-layout-flow\" style=\"flex-basis:33.33%\">\n<figure class=\"wp-block-image size-large\"><img loading=\"lazy\" decoding=\"async\" width=\"384\" height=\"169\" src=\"https:\/\/www.riceandcarry.eu\/wp-content\/uploads\/2020\/09\/s6-2.jpg\" alt=\"\" class=\"wp-image-1198\"\/><\/figure>\n<\/div>\n\n\n\n<div class=\"wp-block-column is-layout-flow wp-block-column-is-layout-flow\" style=\"flex-basis:66.66%\">\n<h4 class=\"wp-block-heading\">Keine Kinder- und Zwangsarbeit<\/h4>\n\n\n\n<p>Unsere Lieferfirmen werden regelm\u00e4\u00dfig \u00fcberwacht, um sicherzustellen, dass keine Kinder- oder Zwangsarbeit involviert ist.<\/p>\n<\/div>\n<\/div>\n\n\n\n<div class=\"wp-block-columns is-layout-flex wp-container-core-columns-is-layout-9d6595d7 wp-block-columns-is-layout-flex\">\n<div class=\"wp-block-column is-layout-flow wp-block-column-is-layout-flow\" style=\"flex-basis:33.33%\">\n<figure class=\"wp-block-image size-large\"><img loading=\"lazy\" decoding=\"async\" width=\"384\" height=\"169\" src=\"https:\/\/www.riceandcarry.eu\/wp-content\/uploads\/2020\/09\/s5-2.jpg\" alt=\"\" class=\"wp-image-1200\"\/><\/figure>\n<\/div>\n\n\n\n<div class=\"wp-block-column is-layout-flow wp-block-column-is-layout-flow\" style=\"flex-basis:66.66%\">\n<h4 class=\"wp-block-heading\">Keine Diskriminierung, Gleichheit der Geschlechter und Versammlungsfreiheit<\/h4>\n\n\n\n<p>Wir wenden uns gegen jede Form der Diskriminierung aufgrund von Herkunft, Geschlecht, Religion oder k\u00f6rperlicher sowie geistiger Beeintr\u00e4chtigung. Mehr als 80% unserer Mitarbeitenden definieren sich als weiblich.<\/p>\n<\/div>\n<\/div>\n\n\n\n<div class=\"wp-block-columns is-layout-flex wp-container-core-columns-is-layout-9d6595d7 wp-block-columns-is-layout-flex\">\n<div class=\"wp-block-column is-layout-flow wp-block-column-is-layout-flow\" style=\"flex-basis:33.33%\">\n<figure class=\"wp-block-image size-large\"><img loading=\"lazy\" decoding=\"async\" width=\"384\" height=\"169\" src=\"https:\/\/www.riceandcarry.eu\/wp-content\/uploads\/2020\/09\/s4-2.jpg\" alt=\"\" class=\"wp-image-1202\"\/><\/figure>\n<\/div>\n\n\n\n<div class=\"wp-block-column is-layout-flow wp-block-column-is-layout-flow\" style=\"flex-basis:66.66%\">\n<h4 class=\"wp-block-heading\">Gute Arbeitsbedingungen<\/h4>\n\n\n\n<p>Die Rice &amp; Carry-Manufaktur ist an Sonn- und Feiertagen geschlossen. Der internationale Frauen*tag ist bei uns ein bezahlter Urlaubstag.<\/p>\n<\/div>\n<\/div>\n\n\n\n<div class=\"wp-block-columns is-layout-flex wp-container-core-columns-is-layout-9d6595d7 wp-block-columns-is-layout-flex\">\n<div class=\"wp-block-column is-layout-flow wp-block-column-is-layout-flow\" style=\"flex-basis:33.33%\">\n<figure class=\"wp-block-image size-large\"><img loading=\"lazy\" decoding=\"async\" width=\"384\" height=\"169\" src=\"https:\/\/www.riceandcarry.eu\/wp-content\/uploads\/2020\/09\/s3-2.jpg\" alt=\"\" class=\"wp-image-1204\"\/><\/figure>\n<\/div>\n\n\n\n<div class=\"wp-block-column is-layout-flow wp-block-column-is-layout-flow\" style=\"flex-basis:66.66%\">\n<h4 class=\"wp-block-heading\">Mitarbeitendenf\u00f6rderung<\/h4>\n\n\n\n<p>Wir unterst\u00fctzen insbesondere Frauen aus l\u00e4ndlichen Gebieten, damit sie ihr Potenzial entfalten k\u00f6nnen &#8211; und sind stolz darauf, dass sie sich zu kreativen und qualifizierten Handwerkerinnen entwickeln.<\/p>\n<\/div>\n<\/div>\n\n\n\n<div class=\"wp-block-columns is-layout-flex wp-container-core-columns-is-layout-9d6595d7 wp-block-columns-is-layout-flex\">\n<div class=\"wp-block-column is-layout-flow wp-block-column-is-layout-flow\" style=\"flex-basis:33.33%\">\n<figure class=\"wp-block-image size-large\"><img loading=\"lazy\" decoding=\"async\" width=\"384\" height=\"169\" src=\"https:\/\/www.riceandcarry.eu\/wp-content\/uploads\/2020\/09\/s2-2.jpg\" alt=\"\" class=\"wp-image-1206\"\/><\/figure>\n<\/div>\n\n\n\n<div class=\"wp-block-column is-layout-flow wp-block-column-is-layout-flow\" style=\"flex-basis:66.66%\">\n<h4 class=\"wp-block-heading\">Den fairen Handel f\u00f6rdern<\/h4>\n\n\n\n<p>Wir sch\u00e4rfen das Bewusstsein f\u00fcr das Ziel und die Grunds\u00e4tze des Fairen Handels und verpflichten uns zu ehrlicher Werbung und Marketing.<\/p>\n<\/div>\n<\/div>\n\n\n\n<div class=\"wp-block-columns is-layout-flex wp-container-core-columns-is-layout-9d6595d7 wp-block-columns-is-layout-flex\">\n<div class=\"wp-block-column is-layout-flow wp-block-column-is-layout-flow\" style=\"flex-basis:33.33%\">\n<figure class=\"wp-block-image size-large\"><img loading=\"lazy\" decoding=\"async\" width=\"384\" height=\"169\" src=\"https:\/\/www.riceandcarry.eu\/wp-content\/uploads\/2020\/09\/s1-2.jpg\" alt=\"\" class=\"wp-image-1208\"\/><\/figure>\n<\/div>\n\n\n\n<div class=\"wp-block-column is-layout-flow wp-block-column-is-layout-flow\" style=\"flex-basis:66.66%\">\n<h4 class=\"wp-block-heading\">Respekt f\u00fcr die Umwelt<\/h4>\n\n\n\n<p>Der Umweltschutz ist das Herzst\u00fcck unseres Unternehmens. Wir recyceln, stellen Produkte aus Abfallstoffen her und informieren \u00fcber Umweltprobleme.<\/p>\n<\/div>\n<\/div>\n","protected":false},"excerpt":{"rendered":"<p>Garantiert Fair Trade Die Marke Rice &amp; Carry ist ein voll anerkanntes Mitglied der World Fair Trade Organisation (WFTO). Alle Produkte werden nach den 10 Fair-Trade-Prinzipien hergestellt. M\u00f6glichkeiten f\u00fcr benachteiligte Produzierende schaffen Neben unseren angestellten Handwerker*innen arbeiten wir mit kleinen Familienunternehmen und Frauenverb\u00e4nden in der Ostprovinz von Sri [&hellip;]<\/p>\n","protected":false},"author":1,"featured_media":0,"parent":67,"menu_order":2,"comment_status":"closed","ping_status":"closed","template":"","meta":{"_acf_changed":false,"footnotes":""},"class_list":["post-71","page","type-page","status-publish","hentry"],"acf":[],"_links":{"self":[{"href":"https:\/\/www.riceandcarry.eu\/de\/wp-json\/wp\/v2\/pages\/71","targetHints":{"allow":["GET"]}}],"collection":[{"href":"https:\/\/www.riceandcarry.eu\/de\/wp-json\/wp\/v2\/pages"}],"about":[{"href":"https:\/\/www.riceandcarry.eu\/de\/wp-json\/wp\/v2\/types\/page"}],"author":[{"embeddable":true,"href":"https:\/\/www.riceandcarry.eu\/de\/wp-json\/wp\/v2\/users\/1"}],"replies":[{"embeddable":true,"href":"https:\/\/www.riceandcarry.eu\/de\/wp-json\/wp\/v2\/comments?post=71"}],"version-history":[{"count":7,"href":"https:\/\/www.riceandcarry.eu\/de\/wp-json\/wp\/v2\/pages\/71\/revisions"}],"predecessor-version":[{"id":2119,"href":"https:\/\/www.riceandcarry.eu\/de\/wp-json\/wp\/v2\/pages\/71\/revisions\/2119"}],"up":[{"embeddable":true,"href":"https:\/\/www.riceandcarry.eu\/de\/wp-json\/wp\/v2\/pages\/67"}],"wp:attachment":[{"href":"https:\/\/www.riceandcarry.eu\/de\/wp-json\/wp\/v2\/media?parent=71"}],"curies":[{"name":"wp","href":"https:\/\/api.w.org\/{rel}","templated":true}]}}