{"id":73,"date":"2020-09-16T09:34:17","date_gmt":"2020-09-16T07:34:17","guid":{"rendered":"https:\/\/www.riceandcarry.eu\/?page_id=73"},"modified":"2020-10-14T10:37:52","modified_gmt":"2020-10-14T08:37:52","slug":"faq","status":"publish","type":"page","link":"https:\/\/www.riceandcarry.eu\/de\/rice-and-carry\/faq\/","title":{"rendered":"FAQ"},"content":{"rendered":"\n<div class=\"wp-block-columns is-layout-flex wp-container-core-columns-is-layout-9d6595d7 wp-block-columns-is-layout-flex\">\n<div class=\"wp-block-column is-layout-flow wp-block-column-is-layout-flow\" style=\"flex-basis:33.33%\">\n<div class=\"wp-block-image\"><figure class=\"aligncenter size-large is-resized\"><img loading=\"lazy\" decoding=\"async\" src=\"https:\/\/www.riceandcarry.eu\/wp-content\/uploads\/2020\/09\/Fragezeichen_2.jpg\" alt=\"\" class=\"wp-image-1141\" width=\"338\" height=\"288\"\/><\/figure><\/div>\n<\/div>\n\n\n\n<div class=\"wp-block-column is-layout-flow wp-block-column-is-layout-flow\" style=\"flex-basis:66.66%\">\n<h1 class=\"wp-block-heading\">FAQ<\/h1>\n\n\n\n<p>Du fragst dich, was es mit fairem Handel allgemein und unseren Fairtrade-Produkten im Speziellen auf sich hat? Auf die h\u00e4ufigsten Fragen haben wir hier unsere Antworten versammelt. Schau direkt nach, sicherlich wirst du hier f\u00fcndig. Falls nicht, meld dich gerne \u00fcber unser <a href=\"https:\/\/www.riceandcarry.eu\/de\/kontakt\/\">Kontaktformular <\/a>bei uns. Wir helfen dir gerne weiter!\ud83d\ude0a<\/p>\n<\/div>\n<\/div>\n\n\n\n<div style=\"height:51px\" aria-hidden=\"true\" class=\"wp-block-spacer\"><\/div>\n\n\n\n<h4 class=\"has-text-align-left wp-block-heading\"><strong>Was bedeutet Fairtrade?<\/strong><\/h4>\n\n\n\n<p>Rice &amp; Carry ist Mitglied der World Fair Trade Organisation (WFTO). Die WFTO repr\u00e4sentiert alle Mitwirkenden einer globalen Handelskette. Das hei\u00dft, dass sich alle Mitglieder von der Produktion bis hin zum Verkauf zu einem fairen Handel bekennen m\u00fcssen.<\/p>\n\n\n\n<p>Fairer Handel soll Chancen schaffen! Es ist uns wichtig, dass vor allem Frauen in Sri Lanka eine Chance bekommen und unter fairen Arbeitsbedingungen ein sicherer Arbeitsplatz f\u00fcr sie bei uns geschaffen wird.<br>Dies beinhaltet, dass z.B. eine faire Entlohnung f\u00fcr alle Mitarbeitenden geschaffen wird. So verdienen alle Angestellten bei uns \u00fcber dem nationalen Mindestlohn. Wir sprechen uns klar gegen Kinder- und Zwangsarbeit aus, daher kontrollieren wir regelm\u00e4\u00dfig unsere Lieferfirmen und stellen so sicher, dass dieses Thema keine Chance bei uns hat.<\/p>\n\n\n\n<p>Wenn du mehr \u00fcber die WFTO und ihre 10 Prinzipien, nach denen wir unsere Produkte herstellen, wissen m\u00f6chtest, klicke <a href=\"https:\/\/www.riceandcarry.eu\/de\/rice-and-carry\/prinzipien\/\">hier<\/a>.<br><\/p>\n\n\n\n<hr class=\"wp-block-separator is-style-default\"\/>\n\n\n\n<h4 class=\"wp-block-heading\"><strong>Wie sichert ihr die L\u00f6hne der Mitarbeitenden?<\/strong><\/h4>\n\n\n\n<p>Da wir ein faires Unternehmen sind, ist einer unserer wichtigsten Standards faire L\u00f6hne zu zahlen und sehr gute Arbeitsbedingungen zu schaffen.<br>Bei uns wird sichergestellt, dass alle Mitarbeiter*innen \u00fcber dem nationalen Mindestlohn bezahlt werden. Dadurch tragen wir dazu bei, das Leben der Familien auf Sri Lanka nachhaltig zu verbessern.<br>Dass unsere Manufaktur Sonn- und Feiertags geschlossen ist, und der internationale Frauentag ein bezahlter Urlaubstag ist, ist f\u00fcr uns selbstverst\u00e4ndlich.<br>Diese Standards \u00fcberpr\u00fcft die WFTO regelm\u00e4\u00dfig mit sogenannten Audits. Unangek\u00fcndigt wird \u00fcberpr\u00fcft, ob wir die Richtlinien und die Vorgaben der WFTO einhalten.<\/p>\n\n\n\n<hr class=\"wp-block-separator is-style-default\"\/>\n\n\n\n<h4 class=\"wp-block-heading\"><strong>Wie finden die Frauen den Weg zu Rice &amp; Carry?<\/strong><\/h4>\n\n\n\n<p>In der Gegend um Arugam Bay sind wir mit unserer Manufaktur recht bekannt. Die meisten Frauen kommen also durch Mundpropaganda zu uns. Das funktioniert \u00fcberraschend gut und wir bekommen stetig Zuwachs. Die klassischen Stellenausschreibungen gibt es also in diesem Sinne nicht, der reine Bekanntheitsgrad im \u00f6stlichen Raum von Sri Lanka ist f\u00fcr uns v\u00f6llig ausreichend.<br>Auch wenn Menschen f\u00fcr uns n\u00e4hen wollen, die nicht um die Ecke wohnen, ist dies kein Problem. Unsere N\u00e4herinnen (sind ja nur Frauen) k\u00f6nnen von zu Hause aus arbeiten. Die fertige Ware wird dann von unserem Fahrer abgeholt und zu uns nach Komari gebracht.<\/p>\n\n\n\n<hr class=\"wp-block-separator is-style-default\"\/>\n\n\n\n<h4 class=\"wp-block-heading\"><strong>Wie h\u00e4ngt Fair Squared mit Rice &amp; Carry zusammen?<\/strong><\/h4>\n\n\n\n<p>Vor einiger Zeit ist <a href=\"https:\/\/www.fairsquared.com\/de\/\">FAIR SQUARED<\/a> im Internet auf Rice &amp; Carry gesto\u00dfen.<br>Die K\u00f6lner waren sofort begeistert vom nachhaltigen Projekt auf Sri Lanka und besuchten die Manufaktur zeitnah vor Ort.<br>Schnell war klar, dass eine enge Zusammenarbeit entstehen soll, da Rice &amp; Carry \u00e4hnliche Grunds\u00e4tze verfolgt. Besonders der Einsatz f\u00fcr die Frauen vor Ort und die Ambition, so viele Plastikflaschen wie m\u00f6glich vom Ozean fern zu halten, begeisterte.<br>Nun ist FAIR SQUARED deutscher Vertriebspartner und sichert so ein Einkommen unabh\u00e4ngig vom Tourismus. Da die meisten Produkte in \u00f6rtlichen Souvenirshops verkauft werden, ist die Manufaktur &#8211; wie viele andere auch &#8211; vom \u00f6rtlichen Tourismus abh\u00e4ngig.<br>Durch den Verkauf der Produkte im Online Shop von FAIR SQUARED wird erm\u00f6glicht ganzj\u00e4hrig und ohne 24-Stunden-Flug Artikel unter die Leute zu bringen. Ein Gewinn f\u00fcr beide Seiten!<\/p>\n\n\n\n<hr class=\"wp-block-separator is-style-default\"\/>\n\n\n\n<h4 class=\"wp-block-heading\"><strong>Sind die Produkte nur online zu kaufen oder ist es auch m\u00f6glich, diese im Einzelhandel zu erwerben?<\/strong><\/h4>\n\n\n\n<p>Aktuell f\u00fchrt kein Shop unser gesamtes Produktangebot. Daher empfehlen wir unseren <a href=\"https:\/\/www.fair2.me\/de\/fair-home\/freizeit\">Webshop<\/a>, damit Du einen guten \u00dcberblick \u00fcber das gesamte Sortiment bekommst.<\/p>\n\n\n\n<hr class=\"wp-block-separator is-style-default\"\/>\n\n\n\n<h4 class=\"wp-block-heading\"><strong>Da eure Produkte keine Massenware sind, ist es m\u00f6glich, dass eure Produkte vom Foto abweichen?<\/strong><\/h4>\n\n\n\n<p>Da alle Produkte in liebevoller Handarbeit entstehen, ist jedes einzelne Produkt ein Unikat.<br>Zudem kann es vorkommen, dass die Reis- und Gew\u00fcrzs\u00e4cke verschieden bedruckt sind.<br>Eine Abweichung vom Foto ist daher unumg\u00e4nglich. Aber mit Sicherheit immer eine sch\u00f6ne \u00dcberraschung \u2764<\/p>\n\n\n\n<hr class=\"wp-block-separator is-style-default\"\/>\n\n\n\n<h4 class=\"wp-block-heading\"><strong>Wie kommen die Reis- und Gew\u00fcrzs\u00e4cke zu Rice &amp; Carry?<\/strong><\/h4>\n\n\n\n<p>Die Reis- und Gew\u00fcrzs\u00e4cke, die wir f\u00fcr unsere Produkte verwenden, sind alle upgecycelt und von uns selbst angekauft. Es gibt viele Menschen auf Sri Lanka, die leere Reis- und Gew\u00fcrzs\u00e4cke von M\u00e4rkten oder Restaurants einsammeln und diese dann weiterverkaufen.<br>Wir sind ein sehr dankbarer Abnehmer dieser \u201c\u00dcberbleibsel\u201c und freuen uns \u00fcber jeden recycelten Sack, dem wir neues Leben einhauchen k\u00f6nnen.<\/p>\n\n\n\n<hr class=\"wp-block-separator is-style-default\"\/>\n\n\n\n<h4 class=\"wp-block-heading\"><strong><br>Woher stammt die Baumwolle, die ihr verwendet?<\/strong><\/h4>\n\n\n\n<p>In der Baumwollindustrie herrschen oft schwierige Arbeitsbedingungen, die wir nicht unterst\u00fctzen wollen. Daher haben wir uns dazu entschlossen, ein Tochterunternehmen namens \u201eClick Clack\u201c zu gr\u00fcnden und die Stoffe einfach selbst vor Ort herzustellen. Bei Click Clack herrschen die gleichen fairen Arbeitsbedingungen wie bei Rice &amp; Carry. Dies hat zur Folge, dass wir bei Rice &amp; Carry fair gehandelte Baumwolle in unseren Produkten verarbeiten. Zurzeit haben wir drei Webst\u00fchle, die kr\u00e4ftig im Einsatz sind.<\/p>\n\n\n\n<hr class=\"wp-block-separator is-style-default\"\/>\n\n\n\n<h4 class=\"wp-block-heading\"><strong>Sind eure Produkte plastikfrei?<br><\/strong><\/h4>\n\n\n\n<p>Du findest bei uns W\u00e4scheklammern, Eco Rasierer, und Schnallen aus recyceltem Plastik. Diese Produkte werden aus den Deckeln der Plastikflaschen, die wir von den Hotels in Arugam Bay einsammeln und am Strand finden, hergestellt. Also nein, unsere Produkte sind nicht plastikfrei, verl\u00e4ngern aber den Lebenszyklus bereits bestehenden Plastiks, was es aus den Meeren fernh\u00e4lt und kaum neue Ressourcen ben\u00f6tigt. Wenn du mehr \u00fcber die Herstellung dieser Produkte erfahren willst, wird dir dieses Video garantiert gefallen: <a href=\"https:\/\/www.wastelessabay.com\/\">https:\/\/www.wastelessabay.com\/<\/a><\/p>\n\n\n\n<hr class=\"wp-block-separator is-style-default\"\/>\n\n\n\n<h4 class=\"wp-block-heading\"><strong>Sind eure Produkte waschbar?<\/strong><\/h4>\n\n\n\n<p>All unsere Produkte sind auf 30\u00b0 Grad waschbar. Es reicht jedoch v\u00f6llig aus, die Produkte mit lauwarmem Wasser und etwas Seife mit einem feuchten Lappen abzuwischen.<br><br>Reis- und Gew\u00fcrzs\u00e4cke sind in Sri Lanka ein Einwegprodukt. Daher kann es sein, dass der Druck auf den Reiss\u00e4cken mit der Zeit etwas schw\u00e4cher wird, da die S\u00e4cke nicht f\u00fcr eine Lebensdauer von 20 Jahren gemacht sind. Das hei\u00dft nat\u00fcrlich nicht, dass dein Produkt nach einiger Zeit kaputt geht &#8211; lediglich m\u00f6chten wir dich dar\u00fcber informieren, dass der Druck verblassen kann.<\/p>\n\n\n\n<p>Du hast noch weitere Fragen? Melde dich doch gerne \u00fcber das <a href=\"https:\/\/www.riceandcarry.eu\/de\/kontakt\/\">Kontaktformular<\/a> bei uns!<\/p>\n","protected":false},"excerpt":{"rendered":"<p>FAQ Du fragst dich, was es mit fairem Handel allgemein und unseren Fairtrade-Produkten im Speziellen auf sich hat? Auf die h\u00e4ufigsten Fragen haben wir hier unsere Antworten versammelt. Schau direkt nach, sicherlich wirst du hier f\u00fcndig. Falls nicht, meld dich gerne \u00fcber unser Kontaktformular bei uns. Wir helfen [&hellip;]<\/p>\n","protected":false},"author":1,"featured_media":0,"parent":67,"menu_order":3,"comment_status":"closed","ping_status":"closed","template":"","meta":{"_acf_changed":false,"footnotes":""},"class_list":["post-73","page","type-page","status-publish","hentry"],"acf":[],"_links":{"self":[{"href":"https:\/\/www.riceandcarry.eu\/de\/wp-json\/wp\/v2\/pages\/73","targetHints":{"allow":["GET"]}}],"collection":[{"href":"https:\/\/www.riceandcarry.eu\/de\/wp-json\/wp\/v2\/pages"}],"about":[{"href":"https:\/\/www.riceandcarry.eu\/de\/wp-json\/wp\/v2\/types\/page"}],"author":[{"embeddable":true,"href":"https:\/\/www.riceandcarry.eu\/de\/wp-json\/wp\/v2\/users\/1"}],"replies":[{"embeddable":true,"href":"https:\/\/www.riceandcarry.eu\/de\/wp-json\/wp\/v2\/comments?post=73"}],"version-history":[{"count":8,"href":"https:\/\/www.riceandcarry.eu\/de\/wp-json\/wp\/v2\/pages\/73\/revisions"}],"predecessor-version":[{"id":1370,"href":"https:\/\/www.riceandcarry.eu\/de\/wp-json\/wp\/v2\/pages\/73\/revisions\/1370"}],"up":[{"embeddable":true,"href":"https:\/\/www.riceandcarry.eu\/de\/wp-json\/wp\/v2\/pages\/67"}],"wp:attachment":[{"href":"https:\/\/www.riceandcarry.eu\/de\/wp-json\/wp\/v2\/media?parent=73"}],"curies":[{"name":"wp","href":"https:\/\/api.w.org\/{rel}","templated":true}]}}