{"id":79,"date":"2020-09-16T09:34:48","date_gmt":"2020-09-16T07:34:48","guid":{"rendered":"https:\/\/www.riceandcarry.eu\/?page_id=79"},"modified":"2021-06-23T16:01:00","modified_gmt":"2021-06-23T14:01:00","slug":"shop","status":"publish","type":"page","link":"https:\/\/www.riceandcarry.eu\/de\/shop\/","title":{"rendered":"Shop"},"content":{"rendered":"\n<div class=\"wp-block-columns is-layout-flex wp-container-core-columns-is-layout-9d6595d7 wp-block-columns-is-layout-flex\">\n<div class=\"wp-block-column is-layout-flow wp-block-column-is-layout-flow\" style=\"flex-basis:33.33%\">\n<figure class=\"wp-block-image size-large\"><img loading=\"lazy\" decoding=\"async\" width=\"384\" height=\"384\" src=\"https:\/\/www.riceandcarry.eu\/wp-content\/uploads\/2021\/06\/Gartentisch.jpg\" alt=\"\" class=\"wp-image-2599\" srcset=\"https:\/\/www.riceandcarry.eu\/wp-content\/uploads\/2021\/06\/Gartentisch.jpg 384w, https:\/\/www.riceandcarry.eu\/wp-content\/uploads\/2021\/06\/Gartentisch-150x150.jpg 150w\" sizes=\"auto, (max-width: 384px) 100vw, 384px\" \/><\/figure>\n<\/div>\n\n\n\n<div class=\"wp-block-column is-layout-flow wp-block-column-is-layout-flow\" style=\"flex-basis:66.66%\">\n<h1 class=\"wp-block-heading\"><strong>Unsere Rice&amp;Carry Produkte f\u00fcr deine Bestellung<\/strong><\/h1>\n\n\n\n<p>An dieser Stelle m\u00f6chten wir dir die Chance geben, unsere Rice&amp;Carry Produkte auch direkt zu kaufen \u2013 entweder als H\u00e4ndler*in oder f\u00fcr dich selbst. In beiden F\u00e4llen bieten wir einen Onlineshop, eine Menge nachhaltiger Produkte und einen rundum durchdachten Kundenservice. F\u00fcr unsere B2B-Kundschaft haben wir ein paar zus\u00e4tzliche <a href=\"https:\/\/www.fairsquared.com\/de\/handel\/\">H\u00e4ndler-Infos<\/a> hinterlegt.<\/p>\n\n\n\n<p><strong>Besuch einfach direkt den entsprechenden Shop f\u00fcr deine Bestellung:<\/strong><\/p>\n\n\n\n<p>Wenn du \u2026<\/p>\n\n\n\n<ul class=\"wp-block-list\"><li><strong>Endverbraucher*in<\/strong> bist, nutze <a href=\"https:\/\/fair2.me\/marken\/rice-carry\/?p=1\" data-type=\"URL\" data-id=\"https:\/\/fair2.me\/marken\/rice-carry\/?p=1\" target=\"_blank\" rel=\"noreferrer noopener\">fair2.me<\/a><\/li><li><strong>H\u00e4ndler*in<\/strong> bist, ist <a rel=\"noreferrer noopener\" href=\"https:\/\/shop.fairsquared.info\/\" target=\"_blank\">shop.fairsquared.info<\/a> die Adresse deiner Wahl<\/li><\/ul>\n\n\n\n<p>F\u00fcr den Spezialfall der <strong>Schweiz<\/strong> bitten wir dich, die jeweiligen Websites aufzusuchen:<\/p>\n\n\n\n<ul class=\"wp-block-list\"><li><a href=\"http:\/\/www.rheinbrands.com\">Rheinbrands<\/a>, wenn du unsere Produkte weiterverkaufen m\u00f6chtest <strong>(B2B)<\/strong><\/li><li>den <strong><a rel=\"noreferrer noopener\" href=\"http:\/\/www.fair2me.ch\/\" target=\"_blank\">Schweizer B2C-Shop<\/a><\/strong>, wenn du <strong>Endverbraucher*in<\/strong> bist<\/li><\/ul>\n<\/div>\n<\/div>\n","protected":false},"excerpt":{"rendered":"<p>Unsere Rice&amp;Carry Produkte f\u00fcr deine Bestellung An dieser Stelle m\u00f6chten wir dir die Chance geben, unsere Rice&amp;Carry Produkte auch direkt zu kaufen \u2013 entweder als H\u00e4ndler*in oder f\u00fcr dich selbst. In beiden F\u00e4llen bieten wir einen Onlineshop, eine Menge nachhaltiger Produkte und einen rundum durchdachten Kundenservice. F\u00fcr unsere [&hellip;]<\/p>\n","protected":false},"author":1,"featured_media":0,"parent":0,"menu_order":5,"comment_status":"closed","ping_status":"closed","template":"","meta":{"_acf_changed":false,"footnotes":""},"class_list":["post-79","page","type-page","status-publish","hentry"],"acf":[],"_links":{"self":[{"href":"https:\/\/www.riceandcarry.eu\/de\/wp-json\/wp\/v2\/pages\/79","targetHints":{"allow":["GET"]}}],"collection":[{"href":"https:\/\/www.riceandcarry.eu\/de\/wp-json\/wp\/v2\/pages"}],"about":[{"href":"https:\/\/www.riceandcarry.eu\/de\/wp-json\/wp\/v2\/types\/page"}],"author":[{"embeddable":true,"href":"https:\/\/www.riceandcarry.eu\/de\/wp-json\/wp\/v2\/users\/1"}],"replies":[{"embeddable":true,"href":"https:\/\/www.riceandcarry.eu\/de\/wp-json\/wp\/v2\/comments?post=79"}],"version-history":[{"count":4,"href":"https:\/\/www.riceandcarry.eu\/de\/wp-json\/wp\/v2\/pages\/79\/revisions"}],"predecessor-version":[{"id":2657,"href":"https:\/\/www.riceandcarry.eu\/de\/wp-json\/wp\/v2\/pages\/79\/revisions\/2657"}],"wp:attachment":[{"href":"https:\/\/www.riceandcarry.eu\/de\/wp-json\/wp\/v2\/media?parent=79"}],"curies":[{"name":"wp","href":"https:\/\/api.w.org\/{rel}","templated":true}]}}