{"id":81,"date":"2020-09-16T09:34:58","date_gmt":"2020-09-16T07:34:58","guid":{"rendered":"https:\/\/www.riceandcarry.eu\/?page_id=81"},"modified":"2021-08-27T16:59:35","modified_gmt":"2021-08-27T14:59:35","slug":"handel","status":"publish","type":"page","link":"https:\/\/www.riceandcarry.eu\/de\/handel\/","title":{"rendered":"Handel"},"content":{"rendered":"\n<div class=\"wp-block-columns is-layout-flex wp-container-core-columns-is-layout-9d6595d7 wp-block-columns-is-layout-flex\">\n<div class=\"wp-block-column is-layout-flow wp-block-column-is-layout-flow\" style=\"flex-basis:33.33%\">\n<figure class=\"wp-block-image size-large\"><img loading=\"lazy\" decoding=\"async\" width=\"384\" height=\"384\" src=\"https:\/\/www.riceandcarry.eu\/wp-content\/uploads\/2020\/09\/small_punch.jpg\" alt=\"small Punch Schmuckbild\" class=\"wp-image-497\" srcset=\"https:\/\/www.riceandcarry.eu\/wp-content\/uploads\/2020\/09\/small_punch.jpg 384w, https:\/\/www.riceandcarry.eu\/wp-content\/uploads\/2020\/09\/small_punch-150x150.jpg 150w\" sizes=\"auto, (max-width: 384px) 100vw, 384px\" \/><\/figure>\n<\/div>\n\n\n\n<div class=\"wp-block-column is-layout-flow wp-block-column-is-layout-flow\" style=\"flex-basis:66.66%\">\n<h2 class=\"wp-block-heading\">RICE &amp; CARRY auch in deinem Gesch\u00e4ft?<\/h2>\n\n\n\n<p>Du bist daran interessiert, Rice &amp; Carry Produkte deinen Kund*innen anzubieten? Am einfachsten ist es, \u00fcber unseren FAIR SQUARED B2B-Webshop zu bestellen. Dort haben wir f\u00fcr dich alle Neuheiten, deine Einkaufskonditionen und POS-Materialien hinterlegt.<\/p>\n\n\n\n<h2 class=\"wp-block-heading\">Unser B2B-Shop im Netz<\/h2>\n\n\n\n<p>Bitte gehe dazu auf\u00a0<a rel=\"noreferrer noopener\" href=\"https:\/\/shop.fairsquared.info\/\" target=\"_blank\">shop.fairsquared.info<\/a>\u00a0und melde dich erstmalig unter \u201eAnmelden\u201c oben rechts an, wir schalten dich innerhalb von 24 Stunden frei und senden dir eine Best\u00e4tigungs-E-Mail.<\/p>\n\n\n\n<p>Wenn du erst einmal schauen m\u00f6chtest, was RICE &amp; CARRY und FAIR SQUARED so anzubieten haben, lad dir einfach den aktuellen Katalog runter.<\/p>\n\n\n\n<p><\/p>\n\n\n\n<div class=\"wp-block-buttons aligncenter is-layout-flex wp-block-buttons-is-layout-flex\">\n<div class=\"wp-block-button\"><a class=\"wp-block-button__link\" href=\"https:\/\/www.fairsquared.com\/de\/katalog\/\" target=\"_blank\" rel=\"noreferrer noopener\">Hier geht&#8217;s zum Katalog<\/a><\/div>\n<\/div>\n<\/div>\n<\/div>\n\n\n\n<p><\/p>\n","protected":false},"excerpt":{"rendered":"<p>RICE &amp; CARRY auch in deinem Gesch\u00e4ft? Du bist daran interessiert, Rice &amp; Carry Produkte deinen Kund*innen anzubieten? Am einfachsten ist es, \u00fcber unseren FAIR SQUARED B2B-Webshop zu bestellen. Dort haben wir f\u00fcr dich alle Neuheiten, deine Einkaufskonditionen und POS-Materialien hinterlegt. Unser B2B-Shop im Netz Bitte gehe dazu [&hellip;]<\/p>\n","protected":false},"author":1,"featured_media":0,"parent":0,"menu_order":6,"comment_status":"closed","ping_status":"closed","template":"","meta":{"_acf_changed":false,"footnotes":""},"class_list":["post-81","page","type-page","status-publish","hentry"],"acf":[],"_links":{"self":[{"href":"https:\/\/www.riceandcarry.eu\/de\/wp-json\/wp\/v2\/pages\/81","targetHints":{"allow":["GET"]}}],"collection":[{"href":"https:\/\/www.riceandcarry.eu\/de\/wp-json\/wp\/v2\/pages"}],"about":[{"href":"https:\/\/www.riceandcarry.eu\/de\/wp-json\/wp\/v2\/types\/page"}],"author":[{"embeddable":true,"href":"https:\/\/www.riceandcarry.eu\/de\/wp-json\/wp\/v2\/users\/1"}],"replies":[{"embeddable":true,"href":"https:\/\/www.riceandcarry.eu\/de\/wp-json\/wp\/v2\/comments?post=81"}],"version-history":[{"count":1,"href":"https:\/\/www.riceandcarry.eu\/de\/wp-json\/wp\/v2\/pages\/81\/revisions"}],"predecessor-version":[{"id":2762,"href":"https:\/\/www.riceandcarry.eu\/de\/wp-json\/wp\/v2\/pages\/81\/revisions\/2762"}],"wp:attachment":[{"href":"https:\/\/www.riceandcarry.eu\/de\/wp-json\/wp\/v2\/media?parent=81"}],"curies":[{"name":"wp","href":"https:\/\/api.w.org\/{rel}","templated":true}]}}