{"id":85,"date":"2020-09-16T09:35:18","date_gmt":"2020-09-16T07:35:18","guid":{"rendered":"https:\/\/www.riceandcarry.eu\/?page_id=85"},"modified":"2025-03-07T19:58:31","modified_gmt":"2025-03-07T18:58:31","slug":"kontakt","status":"publish","type":"page","link":"https:\/\/www.riceandcarry.eu\/de\/kontakt\/","title":{"rendered":"Kontakt"},"content":{"rendered":"\n<div class=\"wp-block-columns is-layout-flex wp-container-core-columns-is-layout-9d6595d7 wp-block-columns-is-layout-flex\">\n<div class=\"wp-block-column is-layout-flow wp-block-column-is-layout-flow\" style=\"flex-basis:33.33%\"><\/div>\n\n\n\n<div class=\"wp-block-column is-layout-flow wp-block-column-is-layout-flow\" style=\"flex-basis:66.66%\">\n<h1 class=\"wp-block-heading\">Du hast Fragen zur Rice &amp; Carry? Meld dich bei uns.<\/h1>\n\n\n\n<p>M\u00f6chtest du gerne \u00fcber uns berichten oder h\u00e4ttest du gerne n\u00e4here Infos zu unseren Produkten? Bist du etwa H\u00e4ndler*in und m\u00f6chtest gerne unsere Rice &amp; Carry Produkte in dein nachhaltiges Sortiment aufnehmen? Auch bei anderen Fragen stehen wir gerne zur Verf\u00fcgung.<\/p>\n\n\n\n<div class=\"wp-block-buttons is-layout-flex wp-block-buttons-is-layout-flex\">\n<div class=\"wp-block-button\"><a class=\"wp-block-button__link wp-element-button\" href=\"&#109;a&#x69;l&#x74;&#111;&#x3a;&#105;&#x6e;&#102;o&#x40;r&#x69;&#99;&#x65;&#97;&#x6e;&#100;&#x63;&#97;r&#x72;y&#x2e;&#101;&#x75;\">Kontaktiere uns<\/a><\/div>\n<\/div>\n\n\n\n<div style=\"height:40px\" aria-hidden=\"true\" class=\"wp-block-spacer\"><\/div>\n\n\n\n<p>E-Mail: <a href=\"&#109;&#x61;&#x69;l&#116;&#x6f;:&#105;&#x6e;f&#111;&#x40;r&#105;&#x63;&#x65;&#97;&#x6e;&#x64;c&#97;&#x72;r&#121;&#x2e;e&#117;\">&#x69;&#110;&#102;o&#x40;&#x72;&#105;c&#x65;&#x61;&#110;dc&#x61;&#114;&#114;y&#x2e;&#x65;&#117;<\/a> <br>Telefon: <a href=\"tel:+4922349296600\">+49 (0) 2234 \u2013 929662<\/a> <br>Fax: +49 (0) 2234 \u2013 9296690<\/p>\n\n\n\n<p><strong>Wir freuen uns auf deine Kontaktaufnahme!<\/strong><\/p>\n<\/div>\n<\/div>\n","protected":false},"excerpt":{"rendered":"<p>Du hast Fragen zur Rice &amp; Carry? Meld dich bei uns. M\u00f6chtest du gerne \u00fcber uns berichten oder h\u00e4ttest du gerne n\u00e4here Infos zu unseren Produkten? Bist du etwa H\u00e4ndler*in und m\u00f6chtest gerne unsere Rice &amp; Carry Produkte in dein nachhaltiges Sortiment aufnehmen? Auch bei anderen Fragen stehen [&hellip;]<\/p>\n","protected":false},"author":1,"featured_media":0,"parent":0,"menu_order":11,"comment_status":"closed","ping_status":"closed","template":"","meta":{"_acf_changed":false,"footnotes":""},"class_list":["post-85","page","type-page","status-publish","hentry"],"acf":[],"_links":{"self":[{"href":"https:\/\/www.riceandcarry.eu\/de\/wp-json\/wp\/v2\/pages\/85","targetHints":{"allow":["GET"]}}],"collection":[{"href":"https:\/\/www.riceandcarry.eu\/de\/wp-json\/wp\/v2\/pages"}],"about":[{"href":"https:\/\/www.riceandcarry.eu\/de\/wp-json\/wp\/v2\/types\/page"}],"author":[{"embeddable":true,"href":"https:\/\/www.riceandcarry.eu\/de\/wp-json\/wp\/v2\/users\/1"}],"replies":[{"embeddable":true,"href":"https:\/\/www.riceandcarry.eu\/de\/wp-json\/wp\/v2\/comments?post=85"}],"version-history":[{"count":3,"href":"https:\/\/www.riceandcarry.eu\/de\/wp-json\/wp\/v2\/pages\/85\/revisions"}],"predecessor-version":[{"id":3408,"href":"https:\/\/www.riceandcarry.eu\/de\/wp-json\/wp\/v2\/pages\/85\/revisions\/3408"}],"wp:attachment":[{"href":"https:\/\/www.riceandcarry.eu\/de\/wp-json\/wp\/v2\/media?parent=85"}],"curies":[{"name":"wp","href":"https:\/\/api.w.org\/{rel}","templated":true}]}}